{"id":342119,"date":"2024-10-31T10:30:00","date_gmt":"2024-10-31T09:30:00","guid":{"rendered":"https:\/\/www.arclite-shop.de\/produkt\/73-28000691\/"},"modified":"2026-04-18T17:21:39","modified_gmt":"2026-04-18T15:21:39","slug":"73-28000691","status":"publish","type":"product","link":"https:\/\/www.arclite-shop.de\/it\/produkt\/73-28000691\/","title":{"rendered":"TRIDONIC LED driver a corrente costante LC 150W 200-1050mA  D sl EXC 28000691"},"content":{"rendered":"<p>Konstantstrom-LED-Treiber f\u00fcr den Leuchteneinbau, besonders geeignet f\u00fcr industrielle Anwendungen in rauen Umgebungen wie Kaltlagerhallen oder Fabriken mit erh\u00f6hten Umgebungstemperaturen, Der LED-Treiber ist f\u00fcr eine erh\u00f6hte Lebensdauer unter den genannten Referenzbedingungen ausgelegt und hat eine Ausfallswahrscheinlichkeit von weniger als 10 %, Wenn der LED-Treiber bei bis zu 50 \u00b0C Umgebungstemperatur f\u00fcr 100.000 h betrieben wird, bietet er eine geringere Ausfallswahrscheinlichkeit von weniger als 2, 5 %, Ausgangsstrom einstellbar zwischen 200 \u2013 1.050 mA, Max. Ausgangsleistung 150 W, Spannungsspitzentauglich (Burst\/Surge) bis zu 4 kV, Erweiterter Temperaturbereich von -40 &#8230; +70 \u00b0C, Nominale Lebensdauer bis zu 120.000 h, 8 Jahre Garantie, Wei\u00dfes \u201eslim\u201c-Metallgeh\u00e4use, Schutzart IP20, ready2mains (Konfigurieren \u00fcber Netz), Einstellbarer Ausgangsstrom in 1-mA-Schritten (ready2mains, I-SELECT 2), Schutzfunktionen (\u00dcbertemperatur, Kurzschluss, \u00dcberlast, Leerlauf, Eingangsspannungsbereich), Geeignet f\u00fcr Sicherheitsbeleuchtungsanlagen gem\u00e4\u00df EN 50172, Power-up Fading bei AC, Intelligent Temperature Guard (thermische Schutzvorrichtung), Intelligent Voltage Guard (\u00dcberspannungs- und Unterspannungs\u00fcberwachung)<\/p>\n","protected":false},"excerpt":{"rendered":"<p>Konstantstrom-LED-Treiber f\u00fcr den Leuchteneinbau, besonders geeignet f\u00fcr industrielle Anwendungen in rauen Umgebungen wie Kaltlagerhallen oder Fabriken mit erh\u00f6hten Umgebungstemperaturen, Der LED-Treiber ist f\u00fcr eine erh\u00f6hte Lebensdauer unter den genannten Referenzbedingungen ausgelegt und hat eine Ausfallswahrscheinlichkeit von weniger als 10 %,<span class=\"excerpt-hellip\"> [\u2026]<\/span><\/p>\n","protected":false},"featured_media":369127,"template":"","meta":[],"product_brand":[],"product_cat":[84631],"product_tag":[],"class_list":{"0":"post-342119","1":"product","2":"type-product","3":"status-publish","4":"has-post-thumbnail","6":"product_cat-led-betriebsgeraet","8":"first","9":"instock","10":"taxable","11":"shipping-taxable","12":"product-type-simple"},"_links":{"self":[{"href":"https:\/\/www.arclite-shop.de\/it\/wp-json\/wp\/v2\/product\/342119","targetHints":{"allow":["GET"]}}],"collection":[{"href":"https:\/\/www.arclite-shop.de\/it\/wp-json\/wp\/v2\/product"}],"about":[{"href":"https:\/\/www.arclite-shop.de\/it\/wp-json\/wp\/v2\/types\/product"}],"wp:featuredmedia":[{"embeddable":true,"href":"https:\/\/www.arclite-shop.de\/it\/wp-json\/wp\/v2\/media\/369127"}],"wp:attachment":[{"href":"https:\/\/www.arclite-shop.de\/it\/wp-json\/wp\/v2\/media?parent=342119"}],"wp:term":[{"taxonomy":"product_brand","embeddable":true,"href":"https:\/\/www.arclite-shop.de\/it\/wp-json\/wp\/v2\/product_brand?post=342119"},{"taxonomy":"product_cat","embeddable":true,"href":"https:\/\/www.arclite-shop.de\/it\/wp-json\/wp\/v2\/product_cat?post=342119"},{"taxonomy":"product_tag","embeddable":true,"href":"https:\/\/www.arclite-shop.de\/it\/wp-json\/wp\/v2\/product_tag?post=342119"}],"curies":[{"name":"wp","href":"https:\/\/api.w.org\/{rel}","templated":true}]}}