{"id":342079,"date":"2024-10-31T10:29:35","date_gmt":"2024-10-31T09:29:35","guid":{"rendered":"https:\/\/www.arclite-shop.de\/produkt\/73-28001716\/"},"modified":"2026-04-18T17:22:52","modified_gmt":"2026-04-18T15:22:52","slug":"73-28001716","status":"publish","type":"product","link":"https:\/\/www.arclite-shop.de\/it\/produkt\/73-28001716\/","title":{"rendered":"Modulo di controllo TRIDONIC per il controllo dell'illuminazione DALI XC 28001716"},"content":{"rendered":"<p>DALI Eingangssteuerger\u00e4t, 4 Eing\u00e4nge f\u00fcr potenzialfreie Kontakte, Anbindung von Tastern + Schaltern, Einstellbare Betriebsart, Wirkbereich \u00fcber 2 Drehwahlschalter, F\u00fcr mehrere DALI XC an der DALI Linie, Stromversorgung \u00fcber DALI Leitung, incl. Anschlussdr\u00e4hte L 25cm, 5 Jahre Garantie<\/p>\n","protected":false},"excerpt":{"rendered":"<p>DALI Eingangssteuerger\u00e4t, 4 Eing\u00e4nge f\u00fcr potenzialfreie Kontakte, Anbindung von Tastern + Schaltern, Einstellbare Betriebsart, Wirkbereich \u00fcber 2 Drehwahlschalter, F\u00fcr mehrere DALI XC an der DALI Linie, Stromversorgung \u00fcber DALI Leitung, incl. Anschlussdr\u00e4hte L 25cm, 5 Jahre Garantie<\/p>\n","protected":false},"featured_media":369269,"template":"","meta":[],"product_brand":[],"product_cat":[84938],"product_tag":[],"class_list":{"0":"post-342079","1":"product","2":"type-product","3":"status-publish","4":"has-post-thumbnail","6":"product_cat-steuergeraet-fuer-leuchten","8":"first","9":"instock","10":"taxable","11":"shipping-taxable","12":"product-type-simple"},"_links":{"self":[{"href":"https:\/\/www.arclite-shop.de\/it\/wp-json\/wp\/v2\/product\/342079","targetHints":{"allow":["GET"]}}],"collection":[{"href":"https:\/\/www.arclite-shop.de\/it\/wp-json\/wp\/v2\/product"}],"about":[{"href":"https:\/\/www.arclite-shop.de\/it\/wp-json\/wp\/v2\/types\/product"}],"wp:featuredmedia":[{"embeddable":true,"href":"https:\/\/www.arclite-shop.de\/it\/wp-json\/wp\/v2\/media\/369269"}],"wp:attachment":[{"href":"https:\/\/www.arclite-shop.de\/it\/wp-json\/wp\/v2\/media?parent=342079"}],"wp:term":[{"taxonomy":"product_brand","embeddable":true,"href":"https:\/\/www.arclite-shop.de\/it\/wp-json\/wp\/v2\/product_brand?post=342079"},{"taxonomy":"product_cat","embeddable":true,"href":"https:\/\/www.arclite-shop.de\/it\/wp-json\/wp\/v2\/product_cat?post=342079"},{"taxonomy":"product_tag","embeddable":true,"href":"https:\/\/www.arclite-shop.de\/it\/wp-json\/wp\/v2\/product_tag?post=342079"}],"curies":[{"name":"wp","href":"https:\/\/api.w.org\/{rel}","templated":true}]}}