{"id":342074,"date":"2024-10-31T10:29:31","date_gmt":"2024-10-31T09:29:31","guid":{"rendered":"https:\/\/www.arclite-shop.de\/produkt\/73-87500284\/"},"modified":"2026-04-18T17:22:56","modified_gmt":"2026-04-18T15:22:56","slug":"73-87500284","status":"publish","type":"product","link":"https:\/\/www.arclite-shop.de\/it\/produkt\/73-87500284\/","title":{"rendered":"TRIDONIC LED driver corrente costante 220-240VAC 500mA 10W dimmerabile 87500284"},"content":{"rendered":"<p>Dimmbarer Konstantstrom LED-Treiber f\u00fcr den Einbau in Leuchten, Ausgangsstrom 500 mA, Leistung 10 W, bis zu 50.000 h, SELV, Dimmbar mit 1-10V + Phasenan- und Phasenabschnittsdimmer, Ausgangsdimmung analog (Stromamplitude), Dimmbereich typ. 10 \u2013 100 % (abh\u00e4ngig vom Dimmer), F\u00fcr Leuchten Schutzklasse I und II, Temperaturschutz gem\u00e4\u00df EN 61347-2-13 C5e, 5 Jahre Garantie, Geh\u00e4use: Polycarbonat, wei\u00df, IP20, Steckklemmen, Schutz gegen \u00dcberlast, Kurzschluss, Leerlauf, Kein \u00dcberschwingen des Ausgangsstromes bei ein- oder ausgeschaltetem Netz.<\/p>\n","protected":false},"excerpt":{"rendered":"<p>Dimmbarer Konstantstrom LED-Treiber f\u00fcr den Einbau in Leuchten, Ausgangsstrom 500 mA, Leistung 10 W, bis zu 50.000 h, SELV, Dimmbar mit 1-10V + Phasenan- und Phasenabschnittsdimmer, Ausgangsdimmung analog (Stromamplitude), Dimmbereich typ. 10 \u2013 100 % (abh\u00e4ngig vom Dimmer), F\u00fcr Leuchten<span class=\"excerpt-hellip\"> [\u2026]<\/span><\/p>\n","protected":false},"featured_media":369275,"template":"","meta":[],"product_brand":[],"product_cat":[84631],"product_tag":[],"class_list":{"0":"post-342074","1":"product","2":"type-product","3":"status-publish","4":"has-post-thumbnail","6":"product_cat-led-betriebsgeraet","8":"first","9":"instock","10":"taxable","11":"shipping-taxable","12":"product-type-simple"},"_links":{"self":[{"href":"https:\/\/www.arclite-shop.de\/it\/wp-json\/wp\/v2\/product\/342074","targetHints":{"allow":["GET"]}}],"collection":[{"href":"https:\/\/www.arclite-shop.de\/it\/wp-json\/wp\/v2\/product"}],"about":[{"href":"https:\/\/www.arclite-shop.de\/it\/wp-json\/wp\/v2\/types\/product"}],"wp:featuredmedia":[{"embeddable":true,"href":"https:\/\/www.arclite-shop.de\/it\/wp-json\/wp\/v2\/media\/369275"}],"wp:attachment":[{"href":"https:\/\/www.arclite-shop.de\/it\/wp-json\/wp\/v2\/media?parent=342074"}],"wp:term":[{"taxonomy":"product_brand","embeddable":true,"href":"https:\/\/www.arclite-shop.de\/it\/wp-json\/wp\/v2\/product_brand?post=342074"},{"taxonomy":"product_cat","embeddable":true,"href":"https:\/\/www.arclite-shop.de\/it\/wp-json\/wp\/v2\/product_cat?post=342074"},{"taxonomy":"product_tag","embeddable":true,"href":"https:\/\/www.arclite-shop.de\/it\/wp-json\/wp\/v2\/product_tag?post=342074"}],"curies":[{"name":"wp","href":"https:\/\/api.w.org\/{rel}","templated":true}]}}