{"id":342064,"date":"2024-10-31T10:29:24","date_gmt":"2024-10-31T09:29:24","guid":{"rendered":"https:\/\/www.arclite-shop.de\/produkt\/73-28000674\/"},"modified":"2026-04-18T17:23:23","modified_gmt":"2026-04-18T15:23:23","slug":"73-28000674","status":"publish","type":"product","link":"https:\/\/www.arclite-shop.de\/it\/produkt\/73-28000674\/","title":{"rendered":"TRIDONIC LED Corrente costante 220-240VAC 250-700mA 12.5-17W one4all 28000674"},"content":{"rendered":"<p>Konstantstrom LED-Treiber, Dimmbar mit DALI, DSI, switch DIM, corridor FUNCTION, ready2mains Gateway, Dimmbereich 15 \u2013 100 % (Lastabh\u00e4ngig), Ausgangsstrom 250 \u2013 700 mA mit ready2mains Programmer oder I-SELECT 2 Plugs, Leistung 12, 5 &#8211; 17 W, Bis zu 81 % Effizienz, bis zu 100.000 h, 5 Jahre Garantie, Geh\u00e4use: Polycarbonat, wei\u00df, IP20, Zugentlastung, Durchgangsverdrahtung m\u00f6glich, 45\u00b0 \/ 0\u00b0 Steckklemmen, Ausgangsstrom in 1-mA-Schritten (ready2mains, I-SELECT 2), Schutz gegen \u00dcbertemperatur, Kurzschluss, \u00dcberlast, Leerlauf, Eingangsspannung, f\u00fcr Sicherheitsbeleuchtung gem\u00e4\u00df EN 50172, F\u00fcr Kabel bis 2, 5 mm\u00b2, Anwendungsorientiertes Betriebsfenster f\u00fcr max. Kompatibilit\u00e4t, bis zu 100.000 h, 5 Jahre Garantie, Werkzeuglose Montage.<\/p>\n","protected":false},"excerpt":{"rendered":"<p>Konstantstrom LED-Treiber, Dimmbar mit DALI, DSI, switch DIM, corridor FUNCTION, ready2mains Gateway, Dimmbereich 15 \u2013 100 % (Lastabh\u00e4ngig), Ausgangsstrom 250 \u2013 700 mA mit ready2mains Programmer oder I-SELECT 2 Plugs, Leistung 12, 5 &#8211; 17 W, Bis zu 81 %<span class=\"excerpt-hellip\"> [\u2026]<\/span><\/p>\n","protected":false},"featured_media":369291,"template":"","meta":[],"product_brand":[],"product_cat":[84631],"product_tag":[],"class_list":{"0":"post-342064","1":"product","2":"type-product","3":"status-publish","4":"has-post-thumbnail","6":"product_cat-led-betriebsgeraet","8":"first","9":"outofstock","10":"taxable","11":"shipping-taxable","12":"product-type-simple"},"_links":{"self":[{"href":"https:\/\/www.arclite-shop.de\/it\/wp-json\/wp\/v2\/product\/342064","targetHints":{"allow":["GET"]}}],"collection":[{"href":"https:\/\/www.arclite-shop.de\/it\/wp-json\/wp\/v2\/product"}],"about":[{"href":"https:\/\/www.arclite-shop.de\/it\/wp-json\/wp\/v2\/types\/product"}],"wp:featuredmedia":[{"embeddable":true,"href":"https:\/\/www.arclite-shop.de\/it\/wp-json\/wp\/v2\/media\/369291"}],"wp:attachment":[{"href":"https:\/\/www.arclite-shop.de\/it\/wp-json\/wp\/v2\/media?parent=342064"}],"wp:term":[{"taxonomy":"product_brand","embeddable":true,"href":"https:\/\/www.arclite-shop.de\/it\/wp-json\/wp\/v2\/product_brand?post=342064"},{"taxonomy":"product_cat","embeddable":true,"href":"https:\/\/www.arclite-shop.de\/it\/wp-json\/wp\/v2\/product_cat?post=342064"},{"taxonomy":"product_tag","embeddable":true,"href":"https:\/\/www.arclite-shop.de\/it\/wp-json\/wp\/v2\/product_tag?post=342064"}],"curies":[{"name":"wp","href":"https:\/\/api.w.org\/{rel}","templated":true}]}}