{"id":342017,"date":"2024-10-31T10:28:54","date_gmt":"2024-10-31T09:28:54","guid":{"rendered":"https:\/\/www.arclite-shop.de\/produkt\/717-vt20025\/"},"modified":"2026-04-18T17:25:56","modified_gmt":"2026-04-18T15:25:56","slug":"717-vt20025","status":"publish","type":"product","link":"https:\/\/www.arclite-shop.de\/it\/produkt\/717-vt20025\/","title":{"rendered":"Supporto per montaggio a soffitto SJK1 C3 anodizzato, 1xF8,2mm SNEP LINEAR SI VT20025"},"content":{"rendered":"<p>Schnellmontage-Halterung f\u00fcr Deckenmontage SJK1 C3 eluxiert, 1xF8, 2mm f\u00fcr Linear Mode SI. Drei Halterungen pro Leuchte ben\u00f6tigt.<\/p>\n","protected":false},"excerpt":{"rendered":"<p>Schnellmontage-Halterung f\u00fcr Deckenmontage SJK1 C3 eluxiert, 1xF8, 2mm f\u00fcr Linear Mode SI. Drei Halterungen pro Leuchte ben\u00f6tigt.<\/p>\n","protected":false},"featured_media":369347,"template":"","meta":[],"product_brand":[],"product_cat":[84591],"product_tag":[],"class_list":{"0":"post-342017","1":"product","2":"type-product","3":"status-publish","4":"has-post-thumbnail","6":"product_cat-mechanisches-zubehoer-ersatzteile-fuer-leuchten","8":"first","9":"instock","10":"taxable","11":"shipping-taxable","12":"product-type-simple"},"_links":{"self":[{"href":"https:\/\/www.arclite-shop.de\/it\/wp-json\/wp\/v2\/product\/342017","targetHints":{"allow":["GET"]}}],"collection":[{"href":"https:\/\/www.arclite-shop.de\/it\/wp-json\/wp\/v2\/product"}],"about":[{"href":"https:\/\/www.arclite-shop.de\/it\/wp-json\/wp\/v2\/types\/product"}],"wp:featuredmedia":[{"embeddable":true,"href":"https:\/\/www.arclite-shop.de\/it\/wp-json\/wp\/v2\/media\/369347"}],"wp:attachment":[{"href":"https:\/\/www.arclite-shop.de\/it\/wp-json\/wp\/v2\/media?parent=342017"}],"wp:term":[{"taxonomy":"product_brand","embeddable":true,"href":"https:\/\/www.arclite-shop.de\/it\/wp-json\/wp\/v2\/product_brand?post=342017"},{"taxonomy":"product_cat","embeddable":true,"href":"https:\/\/www.arclite-shop.de\/it\/wp-json\/wp\/v2\/product_cat?post=342017"},{"taxonomy":"product_tag","embeddable":true,"href":"https:\/\/www.arclite-shop.de\/it\/wp-json\/wp\/v2\/product_tag?post=342017"}],"curies":[{"name":"wp","href":"https:\/\/api.w.org\/{rel}","templated":true}]}}