{"id":341999,"date":"2024-10-31T10:28:41","date_gmt":"2024-10-31T09:28:41","guid":{"rendered":"https:\/\/www.arclite-shop.de\/produkt\/702-aa1100153\/"},"modified":"2026-04-18T17:28:21","modified_gmt":"2026-04-18T15:28:21","slug":"702-aa1100153","status":"publish","type":"product","link":"https:\/\/www.arclite-shop.de\/it\/produkt\/702-aa1100153\/","title":{"rendered":"Staffa con sospensione a fune da 3 m per lineCENTURY 4000 AA1100153"},"content":{"rendered":"<p>Schnellmontage-Halterung f\u00fcr Deckenmontage MB1 C3 weiss, 1xF8, 2mm mit 3m Seilabh\u00e4ngung f\u00fcr lineCENTURY 4000<\/p>\n","protected":false},"excerpt":{"rendered":"<p>Schnellmontage-Halterung f\u00fcr Deckenmontage MB1 C3 weiss, 1xF8, 2mm mit 3m Seilabh\u00e4ngung f\u00fcr lineCENTURY 4000<\/p>\n","protected":false},"featured_media":369377,"template":"","meta":[],"product_brand":[],"product_cat":[84591],"product_tag":[],"class_list":{"0":"post-341999","1":"product","2":"type-product","3":"status-publish","4":"has-post-thumbnail","6":"product_cat-mechanisches-zubehoer-ersatzteile-fuer-leuchten","8":"first","9":"instock","10":"taxable","11":"shipping-taxable","12":"product-type-simple"},"_links":{"self":[{"href":"https:\/\/www.arclite-shop.de\/it\/wp-json\/wp\/v2\/product\/341999","targetHints":{"allow":["GET"]}}],"collection":[{"href":"https:\/\/www.arclite-shop.de\/it\/wp-json\/wp\/v2\/product"}],"about":[{"href":"https:\/\/www.arclite-shop.de\/it\/wp-json\/wp\/v2\/types\/product"}],"wp:featuredmedia":[{"embeddable":true,"href":"https:\/\/www.arclite-shop.de\/it\/wp-json\/wp\/v2\/media\/369377"}],"wp:attachment":[{"href":"https:\/\/www.arclite-shop.de\/it\/wp-json\/wp\/v2\/media?parent=341999"}],"wp:term":[{"taxonomy":"product_brand","embeddable":true,"href":"https:\/\/www.arclite-shop.de\/it\/wp-json\/wp\/v2\/product_brand?post=341999"},{"taxonomy":"product_cat","embeddable":true,"href":"https:\/\/www.arclite-shop.de\/it\/wp-json\/wp\/v2\/product_cat?post=341999"},{"taxonomy":"product_tag","embeddable":true,"href":"https:\/\/www.arclite-shop.de\/it\/wp-json\/wp\/v2\/product_tag?post=341999"}],"curies":[{"name":"wp","href":"https:\/\/api.w.org\/{rel}","templated":true}]}}