{"id":341955,"date":"2024-10-31T10:28:12","date_gmt":"2024-10-31T09:28:12","guid":{"rendered":"https:\/\/www.arclite-shop.de\/produkt\/702-aa1100192\/"},"modified":"2026-04-18T17:33:27","modified_gmt":"2026-04-18T15:33:27","slug":"702-aa1100192","status":"publish","type":"product","link":"https:\/\/www.arclite-shop.de\/it\/produkt\/702-aa1100192\/","title":{"rendered":"Connettore per EUTRAC ONETRAC per sospensioni - argento AA1100192"},"content":{"rendered":"<p>F\u00fcr Abh\u00e4ngung durch Seil-oder Pendelabh\u00e4ngung mit M13x1 Mutter, Material Aluminium eluxiert oder pulverbeschichtet<\/p>\n","protected":false},"excerpt":{"rendered":"<p>F\u00fcr Abh\u00e4ngung durch Seil-oder Pendelabh\u00e4ngung mit M13x1 Mutter, Material Aluminium eluxiert oder pulverbeschichtet<\/p>\n","protected":false},"featured_media":257875,"template":"","meta":[],"product_brand":[],"product_cat":[84591],"product_tag":[],"class_list":{"0":"post-341955","1":"product","2":"type-product","3":"status-publish","4":"has-post-thumbnail","6":"product_cat-mechanisches-zubehoer-ersatzteile-fuer-leuchten","8":"first","9":"instock","10":"taxable","11":"shipping-taxable","12":"product-type-simple"},"_links":{"self":[{"href":"https:\/\/www.arclite-shop.de\/it\/wp-json\/wp\/v2\/product\/341955","targetHints":{"allow":["GET"]}}],"collection":[{"href":"https:\/\/www.arclite-shop.de\/it\/wp-json\/wp\/v2\/product"}],"about":[{"href":"https:\/\/www.arclite-shop.de\/it\/wp-json\/wp\/v2\/types\/product"}],"wp:featuredmedia":[{"embeddable":true,"href":"https:\/\/www.arclite-shop.de\/it\/wp-json\/wp\/v2\/media\/257875"}],"wp:attachment":[{"href":"https:\/\/www.arclite-shop.de\/it\/wp-json\/wp\/v2\/media?parent=341955"}],"wp:term":[{"taxonomy":"product_brand","embeddable":true,"href":"https:\/\/www.arclite-shop.de\/it\/wp-json\/wp\/v2\/product_brand?post=341955"},{"taxonomy":"product_cat","embeddable":true,"href":"https:\/\/www.arclite-shop.de\/it\/wp-json\/wp\/v2\/product_cat?post=341955"},{"taxonomy":"product_tag","embeddable":true,"href":"https:\/\/www.arclite-shop.de\/it\/wp-json\/wp\/v2\/product_tag?post=341955"}],"curies":[{"name":"wp","href":"https:\/\/api.w.org\/{rel}","templated":true}]}}