{"id":341819,"date":"2024-10-31T10:26:52","date_gmt":"2024-10-31T09:26:52","guid":{"rendered":"https:\/\/www.arclite-shop.de\/produkt\/597-gb35-3\/"},"modified":"2026-04-18T17:45:31","modified_gmt":"2026-04-18T15:45:31","slug":"597-gb35-3","status":"publish","type":"product","link":"https:\/\/www.arclite-shop.de\/it\/produkt\/597-gb35-3\/","title":{"rendered":"Connettore a L GLOBAL Trac Base per rotaia monofase montata in superficie, conduttore protettivo esterno, con opzione di alimentazione - GB35-3 bianco"},"content":{"rendered":"<p>GLOBAL Trac Base L-Verbinder f\u00fcr 1-Phasen Aufbauschiene, Schutzleiter au\u00dfen, mit Einspeisem\u00f6glichkeit &#8211; weiss<\/p>\n","protected":false},"excerpt":{"rendered":"<p>GLOBAL Trac Base L-Verbinder f\u00fcr 1-Phasen Aufbauschiene, Schutzleiter au\u00dfen, mit Einspeisem\u00f6glichkeit &#8211; weiss<\/p>\n","protected":false},"featured_media":369617,"template":"","meta":[],"product_brand":[],"product_cat":[84574],"product_tag":[],"class_list":{"0":"post-341819","1":"product","2":"type-product","3":"status-publish","4":"has-post-thumbnail","6":"product_cat-elektrisches-zubehoer-ersatzteile-fuer-leuchten","8":"first","9":"instock","10":"taxable","11":"shipping-taxable","12":"product-type-simple"},"_links":{"self":[{"href":"https:\/\/www.arclite-shop.de\/it\/wp-json\/wp\/v2\/product\/341819","targetHints":{"allow":["GET"]}}],"collection":[{"href":"https:\/\/www.arclite-shop.de\/it\/wp-json\/wp\/v2\/product"}],"about":[{"href":"https:\/\/www.arclite-shop.de\/it\/wp-json\/wp\/v2\/types\/product"}],"wp:featuredmedia":[{"embeddable":true,"href":"https:\/\/www.arclite-shop.de\/it\/wp-json\/wp\/v2\/media\/369617"}],"wp:attachment":[{"href":"https:\/\/www.arclite-shop.de\/it\/wp-json\/wp\/v2\/media?parent=341819"}],"wp:term":[{"taxonomy":"product_brand","embeddable":true,"href":"https:\/\/www.arclite-shop.de\/it\/wp-json\/wp\/v2\/product_brand?post=341819"},{"taxonomy":"product_cat","embeddable":true,"href":"https:\/\/www.arclite-shop.de\/it\/wp-json\/wp\/v2\/product_cat?post=341819"},{"taxonomy":"product_tag","embeddable":true,"href":"https:\/\/www.arclite-shop.de\/it\/wp-json\/wp\/v2\/product_tag?post=341819"}],"curies":[{"name":"wp","href":"https:\/\/api.w.org\/{rel}","templated":true}]}}