{"id":341463,"date":"2024-10-31T10:23:00","date_gmt":"2024-10-31T09:23:00","guid":{"rendered":"https:\/\/www.arclite-shop.de\/produkt\/514-xlg-75-h-a\/"},"modified":"2026-04-18T18:10:17","modified_gmt":"2026-04-18T16:10:17","slug":"514-xlg-75-h-a","status":"publish","type":"product","link":"https:\/\/www.arclite-shop.de\/it\/produkt\/514-xlg-75-h-a\/","title":{"rendered":"MEAN WELL LED Driver Constant Power XLG-A 100-305V AC, 142-431V DC\/ 75W 27-56V\/650-2100mA XLG-75-H-A"},"content":{"rendered":"<p>LED Netzteil, Metallgeh\u00e4use, Eingangsspannung 100-305V AC;142-431V DC. Konstantleistung 75W, 27-56V\/650-2100mA, IP67, Strombegrenzung \u00fcber internes Potentiometer einstellbar, \u00dcberlastungsschutz, Kurzschlusssschutz, \u00dcbertemperaturschutz.<\/p>\n","protected":false},"excerpt":{"rendered":"<p>LED Netzteil, Metallgeh\u00e4use, Eingangsspannung 100-305V AC;142-431V DC. Konstantleistung 75W, 27-56V\/650-2100mA, IP67, Strombegrenzung \u00fcber internes Potentiometer einstellbar, \u00dcberlastungsschutz, Kurzschlusssschutz, \u00dcbertemperaturschutz.<\/p>\n","protected":false},"featured_media":369867,"template":"","meta":[],"product_brand":[],"product_cat":[84631],"product_tag":[],"class_list":{"0":"post-341463","1":"product","2":"type-product","3":"status-publish","4":"has-post-thumbnail","6":"product_cat-led-betriebsgeraet","8":"first","9":"instock","10":"taxable","11":"shipping-taxable","12":"product-type-simple"},"_links":{"self":[{"href":"https:\/\/www.arclite-shop.de\/it\/wp-json\/wp\/v2\/product\/341463","targetHints":{"allow":["GET"]}}],"collection":[{"href":"https:\/\/www.arclite-shop.de\/it\/wp-json\/wp\/v2\/product"}],"about":[{"href":"https:\/\/www.arclite-shop.de\/it\/wp-json\/wp\/v2\/types\/product"}],"wp:featuredmedia":[{"embeddable":true,"href":"https:\/\/www.arclite-shop.de\/it\/wp-json\/wp\/v2\/media\/369867"}],"wp:attachment":[{"href":"https:\/\/www.arclite-shop.de\/it\/wp-json\/wp\/v2\/media?parent=341463"}],"wp:term":[{"taxonomy":"product_brand","embeddable":true,"href":"https:\/\/www.arclite-shop.de\/it\/wp-json\/wp\/v2\/product_brand?post=341463"},{"taxonomy":"product_cat","embeddable":true,"href":"https:\/\/www.arclite-shop.de\/it\/wp-json\/wp\/v2\/product_cat?post=341463"},{"taxonomy":"product_tag","embeddable":true,"href":"https:\/\/www.arclite-shop.de\/it\/wp-json\/wp\/v2\/product_tag?post=341463"}],"curies":[{"name":"wp","href":"https:\/\/api.w.org\/{rel}","templated":true}]}}