{"id":341288,"date":"2024-10-31T10:21:04","date_gmt":"2024-10-31T09:21:04","guid":{"rendered":"https:\/\/www.arclite-shop.de\/produkt\/514-hlg-480h-24a\/"},"modified":"2026-04-18T18:22:36","modified_gmt":"2026-04-18T16:22:36","slug":"514-hlg-480h-24a","status":"publish","type":"product","link":"https:\/\/www.arclite-shop.de\/it\/produkt\/514-hlg-480h-24a\/","title":{"rendered":"Driver LED MEAN Temperatura Costante HLG-A 90-305V AC, 130-430V DC\/ 24V DC 480W HLG-480H-24A"},"content":{"rendered":"<p>LED Netzteil, Metallgeh\u00e4use, Leistung 480W, Eingangsspannung 90-305V AC;130-430V DC. Konstantspannungsausgang 24V. IP65. Ausgangsspannung und Strombegrenzung \u00fcber internes Potentiometer einstellbar, \u00dcberlastungsschutz, Kurzschlusssschutz, \u00dcbertemperaturschutz.<\/p>\n","protected":false},"excerpt":{"rendered":"<p>LED Netzteil, Metallgeh\u00e4use, Leistung 480W, Eingangsspannung 90-305V AC;130-430V DC. Konstantspannungsausgang 24V. IP65. Ausgangsspannung und Strombegrenzung \u00fcber internes Potentiometer einstellbar, \u00dcberlastungsschutz, Kurzschlusssschutz, \u00dcbertemperaturschutz.<\/p>\n","protected":false},"featured_media":370387,"template":"","meta":[],"product_brand":[],"product_cat":[84631],"product_tag":[],"class_list":{"0":"post-341288","1":"product","2":"type-product","3":"status-publish","4":"has-post-thumbnail","6":"product_cat-led-betriebsgeraet","8":"first","9":"instock","10":"taxable","11":"shipping-taxable","12":"product-type-simple"},"_links":{"self":[{"href":"https:\/\/www.arclite-shop.de\/it\/wp-json\/wp\/v2\/product\/341288","targetHints":{"allow":["GET"]}}],"collection":[{"href":"https:\/\/www.arclite-shop.de\/it\/wp-json\/wp\/v2\/product"}],"about":[{"href":"https:\/\/www.arclite-shop.de\/it\/wp-json\/wp\/v2\/types\/product"}],"wp:featuredmedia":[{"embeddable":true,"href":"https:\/\/www.arclite-shop.de\/it\/wp-json\/wp\/v2\/media\/370387"}],"wp:attachment":[{"href":"https:\/\/www.arclite-shop.de\/it\/wp-json\/wp\/v2\/media?parent=341288"}],"wp:term":[{"taxonomy":"product_brand","embeddable":true,"href":"https:\/\/www.arclite-shop.de\/it\/wp-json\/wp\/v2\/product_brand?post=341288"},{"taxonomy":"product_cat","embeddable":true,"href":"https:\/\/www.arclite-shop.de\/it\/wp-json\/wp\/v2\/product_cat?post=341288"},{"taxonomy":"product_tag","embeddable":true,"href":"https:\/\/www.arclite-shop.de\/it\/wp-json\/wp\/v2\/product_tag?post=341288"}],"curies":[{"name":"wp","href":"https:\/\/api.w.org\/{rel}","templated":true}]}}