{"id":341284,"date":"2024-10-31T10:21:02","date_gmt":"2024-10-31T09:21:02","guid":{"rendered":"https:\/\/www.arclite-shop.de\/produkt\/514-hlg-320h-48a\/"},"modified":"2026-04-18T18:22:42","modified_gmt":"2026-04-18T16:22:42","slug":"514-hlg-320h-48a","status":"publish","type":"product","link":"https:\/\/www.arclite-shop.de\/it\/produkt\/514-hlg-320h-48a\/","title":{"rendered":"MEAN WELL LED Driver a Tensione Costante HLG 90-305V AC, 130-430V DC\/ 48V DC 321W HLG-320H-48A"},"content":{"rendered":"<p>LED Netzteil, Metallgeh\u00e4use, Leistung 321W, Eingangsspannung 90-305V AC;130-430V DC. Konstantspannungsausgang 48V. IP65. Ausgangsspannung und Strombegrenzung \u00fcber internes Potentiometer einstellbar, \u00dcberlastungsschutz, Kurzschlusssschutz, \u00dcbertemperaturschutz.<\/p>\n","protected":false},"excerpt":{"rendered":"<p>LED Netzteil, Metallgeh\u00e4use, Leistung 321W, Eingangsspannung 90-305V AC;130-430V DC. Konstantspannungsausgang 48V. IP65. Ausgangsspannung und Strombegrenzung \u00fcber internes Potentiometer einstellbar, \u00dcberlastungsschutz, Kurzschlusssschutz, \u00dcbertemperaturschutz.<\/p>\n","protected":false},"featured_media":369923,"template":"","meta":[],"product_brand":[],"product_cat":[84631],"product_tag":[],"class_list":{"0":"post-341284","1":"product","2":"type-product","3":"status-publish","4":"has-post-thumbnail","6":"product_cat-led-betriebsgeraet","8":"first","9":"outofstock","10":"taxable","11":"shipping-taxable","12":"product-type-simple"},"_links":{"self":[{"href":"https:\/\/www.arclite-shop.de\/it\/wp-json\/wp\/v2\/product\/341284","targetHints":{"allow":["GET"]}}],"collection":[{"href":"https:\/\/www.arclite-shop.de\/it\/wp-json\/wp\/v2\/product"}],"about":[{"href":"https:\/\/www.arclite-shop.de\/it\/wp-json\/wp\/v2\/types\/product"}],"wp:featuredmedia":[{"embeddable":true,"href":"https:\/\/www.arclite-shop.de\/it\/wp-json\/wp\/v2\/media\/369923"}],"wp:attachment":[{"href":"https:\/\/www.arclite-shop.de\/it\/wp-json\/wp\/v2\/media?parent=341284"}],"wp:term":[{"taxonomy":"product_brand","embeddable":true,"href":"https:\/\/www.arclite-shop.de\/it\/wp-json\/wp\/v2\/product_brand?post=341284"},{"taxonomy":"product_cat","embeddable":true,"href":"https:\/\/www.arclite-shop.de\/it\/wp-json\/wp\/v2\/product_cat?post=341284"},{"taxonomy":"product_tag","embeddable":true,"href":"https:\/\/www.arclite-shop.de\/it\/wp-json\/wp\/v2\/product_tag?post=341284"}],"curies":[{"name":"wp","href":"https:\/\/api.w.org\/{rel}","templated":true}]}}