{"id":341125,"date":"2024-10-31T10:19:20","date_gmt":"2024-10-31T09:19:20","guid":{"rendered":"https:\/\/www.arclite-shop.de\/produkt\/476-aa11594\/"},"modified":"2026-04-18T18:38:10","modified_gmt":"2026-04-18T16:38:10","slug":"476-aa11594","status":"publish","type":"product","link":"https:\/\/www.arclite-shop.de\/it\/produkt\/476-aa11594\/","title":{"rendered":"Telaio di montaggio incassato per luminari rotondi incassati, adatto a soffitti in fibra minerale 625 AA11594"},"content":{"rendered":"<p>Einbaurahmen, Montagerahmen f\u00fcr runde Einbauleuchten f\u00fcr DA 125-235mm, geeignet f\u00fcr Mineralfaserdecken 625<\/p>\n","protected":false},"excerpt":{"rendered":"<p>Einbaurahmen, Montagerahmen f\u00fcr runde Einbauleuchten f\u00fcr DA 125-235mm, geeignet f\u00fcr Mineralfaserdecken 625<\/p>\n","protected":false},"featured_media":370023,"template":"","meta":[],"product_brand":[],"product_cat":[84591],"product_tag":[],"class_list":{"0":"post-341125","1":"product","2":"type-product","3":"status-publish","4":"has-post-thumbnail","6":"product_cat-mechanisches-zubehoer-ersatzteile-fuer-leuchten","8":"first","9":"instock","10":"taxable","11":"shipping-taxable","12":"product-type-simple"},"_links":{"self":[{"href":"https:\/\/www.arclite-shop.de\/it\/wp-json\/wp\/v2\/product\/341125","targetHints":{"allow":["GET"]}}],"collection":[{"href":"https:\/\/www.arclite-shop.de\/it\/wp-json\/wp\/v2\/product"}],"about":[{"href":"https:\/\/www.arclite-shop.de\/it\/wp-json\/wp\/v2\/types\/product"}],"wp:featuredmedia":[{"embeddable":true,"href":"https:\/\/www.arclite-shop.de\/it\/wp-json\/wp\/v2\/media\/370023"}],"wp:attachment":[{"href":"https:\/\/www.arclite-shop.de\/it\/wp-json\/wp\/v2\/media?parent=341125"}],"wp:term":[{"taxonomy":"product_brand","embeddable":true,"href":"https:\/\/www.arclite-shop.de\/it\/wp-json\/wp\/v2\/product_brand?post=341125"},{"taxonomy":"product_cat","embeddable":true,"href":"https:\/\/www.arclite-shop.de\/it\/wp-json\/wp\/v2\/product_cat?post=341125"},{"taxonomy":"product_tag","embeddable":true,"href":"https:\/\/www.arclite-shop.de\/it\/wp-json\/wp\/v2\/product_tag?post=341125"}],"curies":[{"name":"wp","href":"https:\/\/api.w.org\/{rel}","templated":true}]}}