{"id":340977,"date":"2024-10-31T10:17:42","date_gmt":"2024-10-31T09:17:42","guid":{"rendered":"https:\/\/www.arclite-shop.de\/produkt\/111-555-0-7227-3\/"},"modified":"2026-04-18T18:48:41","modified_gmt":"2026-04-18T16:48:41","slug":"111-555-0-7227-3","status":"publish","type":"product","link":"https:\/\/www.arclite-shop.de\/it\/produkt\/111-555-0-7227-3\/","title":{"rendered":"Vaso incassato per uscita punti EUTRAC e EUTRAC Data Bus Point - argento 555 0 7227 3"},"content":{"rendered":"<p>EUTRAC Einbautopf f\u00fcr EUTRAC Standard und Datenbus Punktauslass. Ausgelegt f\u00fcr Deckenst\u00e4rken bis 30 mm, Mindesteinbauh\u00f6he 75 mm, Deckenausschnitt \u00d8 126 mm. Bis 10 kg belastbar.<\/p>\n","protected":false},"excerpt":{"rendered":"<p>EUTRAC Einbautopf f\u00fcr EUTRAC Standard und Datenbus Punktauslass. Ausgelegt f\u00fcr Deckenst\u00e4rken bis 30 mm, Mindesteinbauh\u00f6he 75 mm, Deckenausschnitt \u00d8 126 mm. Bis 10 kg belastbar.<\/p>\n","protected":false},"featured_media":370051,"template":"","meta":[],"product_brand":[],"product_cat":[84574],"product_tag":[],"class_list":{"0":"post-340977","1":"product","2":"type-product","3":"status-publish","4":"has-post-thumbnail","6":"product_cat-elektrisches-zubehoer-ersatzteile-fuer-leuchten","8":"first","9":"instock","10":"taxable","11":"shipping-taxable","12":"product-type-simple"},"_links":{"self":[{"href":"https:\/\/www.arclite-shop.de\/it\/wp-json\/wp\/v2\/product\/340977","targetHints":{"allow":["GET"]}}],"collection":[{"href":"https:\/\/www.arclite-shop.de\/it\/wp-json\/wp\/v2\/product"}],"about":[{"href":"https:\/\/www.arclite-shop.de\/it\/wp-json\/wp\/v2\/types\/product"}],"wp:featuredmedia":[{"embeddable":true,"href":"https:\/\/www.arclite-shop.de\/it\/wp-json\/wp\/v2\/media\/370051"}],"wp:attachment":[{"href":"https:\/\/www.arclite-shop.de\/it\/wp-json\/wp\/v2\/media?parent=340977"}],"wp:term":[{"taxonomy":"product_brand","embeddable":true,"href":"https:\/\/www.arclite-shop.de\/it\/wp-json\/wp\/v2\/product_brand?post=340977"},{"taxonomy":"product_cat","embeddable":true,"href":"https:\/\/www.arclite-shop.de\/it\/wp-json\/wp\/v2\/product_cat?post=340977"},{"taxonomy":"product_tag","embeddable":true,"href":"https:\/\/www.arclite-shop.de\/it\/wp-json\/wp\/v2\/product_tag?post=340977"}],"curies":[{"name":"wp","href":"https:\/\/api.w.org\/{rel}","templated":true}]}}