{"id":340968,"date":"2024-10-31T10:17:36","date_gmt":"2024-10-31T09:17:36","guid":{"rendered":"https:\/\/www.arclite-shop.de\/produkt\/111-98-672-0\/"},"modified":"2026-04-18T18:50:22","modified_gmt":"2026-04-18T16:50:22","slug":"111-98-672-0","status":"publish","type":"product","link":"https:\/\/www.arclite-shop.de\/it\/produkt\/111-98-672-0\/","title":{"rendered":"Clip di ritenzione del paraurti della sospensione EUTRAC - Zincata 98-672-0"},"content":{"rendered":"<p>EUTRAC Sto\u00dfstellenhalteclip f\u00fcr Abh\u00e4ngung mit Schnellabh\u00e4nger 98-679-0 oder mit Ketten, Material Stahlblech verzinkt <\/p>\n","protected":false},"excerpt":{"rendered":"<p>EUTRAC Sto\u00dfstellenhalteclip f\u00fcr Abh\u00e4ngung mit Schnellabh\u00e4nger 98-679-0 oder mit Ketten, Material Stahlblech verzinkt<\/p>\n","protected":false},"featured_media":370151,"template":"","meta":[],"product_brand":[],"product_cat":[84591],"product_tag":[],"class_list":{"0":"post-340968","1":"product","2":"type-product","3":"status-publish","4":"has-post-thumbnail","6":"product_cat-mechanisches-zubehoer-ersatzteile-fuer-leuchten","8":"first","9":"instock","10":"taxable","11":"shipping-taxable","12":"product-type-simple"},"_links":{"self":[{"href":"https:\/\/www.arclite-shop.de\/it\/wp-json\/wp\/v2\/product\/340968","targetHints":{"allow":["GET"]}}],"collection":[{"href":"https:\/\/www.arclite-shop.de\/it\/wp-json\/wp\/v2\/product"}],"about":[{"href":"https:\/\/www.arclite-shop.de\/it\/wp-json\/wp\/v2\/types\/product"}],"wp:featuredmedia":[{"embeddable":true,"href":"https:\/\/www.arclite-shop.de\/it\/wp-json\/wp\/v2\/media\/370151"}],"wp:attachment":[{"href":"https:\/\/www.arclite-shop.de\/it\/wp-json\/wp\/v2\/media?parent=340968"}],"wp:term":[{"taxonomy":"product_brand","embeddable":true,"href":"https:\/\/www.arclite-shop.de\/it\/wp-json\/wp\/v2\/product_brand?post=340968"},{"taxonomy":"product_cat","embeddable":true,"href":"https:\/\/www.arclite-shop.de\/it\/wp-json\/wp\/v2\/product_cat?post=340968"},{"taxonomy":"product_tag","embeddable":true,"href":"https:\/\/www.arclite-shop.de\/it\/wp-json\/wp\/v2\/product_tag?post=340968"}],"curies":[{"name":"wp","href":"https:\/\/api.w.org\/{rel}","templated":true}]}}