{"id":340966,"date":"2024-10-31T10:17:35","date_gmt":"2024-10-31T09:17:35","guid":{"rendered":"https:\/\/www.arclite-shop.de\/produkt\/111-99-123-3\/"},"modified":"2026-04-18T18:50:25","modified_gmt":"2026-04-18T16:50:25","slug":"111-99-123-3","status":"publish","type":"product","link":"https:\/\/www.arclite-shop.de\/it\/produkt\/111-99-123-3\/","title":{"rendered":"Connettore EUTRAC per sospensioni - argento 99-123-3"},"content":{"rendered":"<p>EUTRAC Sto\u00dfstellenverbinder f\u00fcr Abh\u00e4ngung durch Seil- oder Pendelaufh\u00e4ngung mit M13x1 Mutter, Material Aluminium eloxiert &#8211; silber<\/p>\n","protected":false},"excerpt":{"rendered":"<p>EUTRAC Sto\u00dfstellenverbinder f\u00fcr Abh\u00e4ngung durch Seil- oder Pendelaufh\u00e4ngung mit M13x1 Mutter, Material Aluminium eloxiert &#8211; silber<\/p>\n","protected":false},"featured_media":369413,"template":"","meta":[],"product_brand":[],"product_cat":[84591],"product_tag":[],"class_list":{"0":"post-340966","1":"product","2":"type-product","3":"status-publish","4":"has-post-thumbnail","6":"product_cat-mechanisches-zubehoer-ersatzteile-fuer-leuchten","8":"first","9":"instock","10":"taxable","11":"shipping-taxable","12":"product-type-simple"},"_links":{"self":[{"href":"https:\/\/www.arclite-shop.de\/it\/wp-json\/wp\/v2\/product\/340966","targetHints":{"allow":["GET"]}}],"collection":[{"href":"https:\/\/www.arclite-shop.de\/it\/wp-json\/wp\/v2\/product"}],"about":[{"href":"https:\/\/www.arclite-shop.de\/it\/wp-json\/wp\/v2\/types\/product"}],"wp:featuredmedia":[{"embeddable":true,"href":"https:\/\/www.arclite-shop.de\/it\/wp-json\/wp\/v2\/media\/369413"}],"wp:attachment":[{"href":"https:\/\/www.arclite-shop.de\/it\/wp-json\/wp\/v2\/media?parent=340966"}],"wp:term":[{"taxonomy":"product_brand","embeddable":true,"href":"https:\/\/www.arclite-shop.de\/it\/wp-json\/wp\/v2\/product_brand?post=340966"},{"taxonomy":"product_cat","embeddable":true,"href":"https:\/\/www.arclite-shop.de\/it\/wp-json\/wp\/v2\/product_cat?post=340966"},{"taxonomy":"product_tag","embeddable":true,"href":"https:\/\/www.arclite-shop.de\/it\/wp-json\/wp\/v2\/product_tag?post=340966"}],"curies":[{"name":"wp","href":"https:\/\/api.w.org\/{rel}","templated":true}]}}