{"id":340961,"date":"2024-10-31T10:17:32","date_gmt":"2024-10-31T09:17:32","guid":{"rendered":"https:\/\/www.arclite-shop.de\/produkt\/111-99-067-2\/"},"modified":"2026-04-18T18:50:38","modified_gmt":"2026-04-18T16:50:38","slug":"111-99-067-2","status":"publish","type":"product","link":"https:\/\/www.arclite-shop.de\/it\/produkt\/111-99-067-2\/","title":{"rendered":"Uncino EUTRAC per corde d'acciaio fino a 2mm - nero 99-067-2"},"content":{"rendered":"<p>EUTRAC Mechanischer Universalhaken Abh\u00e4ngem\u00f6glichkeit f\u00fcr Shop und Display, auch f\u00fcr Aufh\u00e4ngung von Langfeldleuchten, f\u00fcr Stahlseile bis 2mm, passend f\u00fcr andere Stromschienen &#8211; schwarz<\/p>\n","protected":false},"excerpt":{"rendered":"<p>EUTRAC Mechanischer Universalhaken Abh\u00e4ngem\u00f6glichkeit f\u00fcr Shop und Display, auch f\u00fcr Aufh\u00e4ngung von Langfeldleuchten, f\u00fcr Stahlseile bis 2mm, passend f\u00fcr andere Stromschienen &#8211; schwarz<\/p>\n","protected":false},"featured_media":370155,"template":"","meta":[],"product_brand":[],"product_cat":[84591],"product_tag":[],"class_list":{"0":"post-340961","1":"product","2":"type-product","3":"status-publish","4":"has-post-thumbnail","6":"product_cat-mechanisches-zubehoer-ersatzteile-fuer-leuchten","8":"first","9":"instock","10":"taxable","11":"shipping-taxable","12":"product-type-simple"},"_links":{"self":[{"href":"https:\/\/www.arclite-shop.de\/it\/wp-json\/wp\/v2\/product\/340961","targetHints":{"allow":["GET"]}}],"collection":[{"href":"https:\/\/www.arclite-shop.de\/it\/wp-json\/wp\/v2\/product"}],"about":[{"href":"https:\/\/www.arclite-shop.de\/it\/wp-json\/wp\/v2\/types\/product"}],"wp:featuredmedia":[{"embeddable":true,"href":"https:\/\/www.arclite-shop.de\/it\/wp-json\/wp\/v2\/media\/370155"}],"wp:attachment":[{"href":"https:\/\/www.arclite-shop.de\/it\/wp-json\/wp\/v2\/media?parent=340961"}],"wp:term":[{"taxonomy":"product_brand","embeddable":true,"href":"https:\/\/www.arclite-shop.de\/it\/wp-json\/wp\/v2\/product_brand?post=340961"},{"taxonomy":"product_cat","embeddable":true,"href":"https:\/\/www.arclite-shop.de\/it\/wp-json\/wp\/v2\/product_cat?post=340961"},{"taxonomy":"product_tag","embeddable":true,"href":"https:\/\/www.arclite-shop.de\/it\/wp-json\/wp\/v2\/product_tag?post=340961"}],"curies":[{"name":"wp","href":"https:\/\/api.w.org\/{rel}","templated":true}]}}