{"id":340806,"date":"2024-10-31T10:15:51","date_gmt":"2024-10-31T09:15:51","guid":{"rendered":"https:\/\/www.arclite-shop.de\/produkt\/111-25-403\/"},"modified":"2026-04-18T19:00:53","modified_gmt":"2026-04-18T17:00:53","slug":"111-25-403","status":"publish","type":"product","link":"https:\/\/www.arclite-shop.de\/it\/produkt\/111-25-403\/","title":{"rendered":"Binario EUTRAC trifase montato 4000mm - argento 25-403"},"content":{"rendered":"<p>EUTRAC 5-Leiter Aufbauschiene 4000mm silber f\u00fcr 3 Stromkreise, stranggepresstes Aluminiumprofil, 2 PVC-Tr\u00e4gerprofile mit je zwei 2, 5mm\u00b2 Kupferleitern, 3 Stromkreise, Schutzleiter \u00fcber das Aluminiumprofil, bauseitige L\u00e4ngenanpassung durch S\u00e4gen, R\u00fcckschneiden oder Biegen der Kupferleiter nicht notwendig, vorgestanzte Befestigungslangl\u00f6cher, f\u00fcr den Gebrauch im Handbereich zugelassen, EUTRAC Adaptor mit Datenbusabgriff \u00fcber Phasenabgriff in Schiene ohne Datenbus einsetzbar, Datenbus-Funktionalit\u00e4t ist dann nicht verf\u00fcgbar.<\/p>\n","protected":false},"excerpt":{"rendered":"<p>EUTRAC 5-Leiter Aufbauschiene 4000mm silber f\u00fcr 3 Stromkreise, stranggepresstes Aluminiumprofil, 2 PVC-Tr\u00e4gerprofile mit je zwei 2, 5mm\u00b2 Kupferleitern, 3 Stromkreise, Schutzleiter \u00fcber das Aluminiumprofil, bauseitige L\u00e4ngenanpassung durch S\u00e4gen, R\u00fcckschneiden oder Biegen der Kupferleiter nicht notwendig, vorgestanzte Befestigungslangl\u00f6cher, f\u00fcr den Gebrauch<span class=\"excerpt-hellip\"> [\u2026]<\/span><\/p>\n","protected":false},"featured_media":370213,"template":"","meta":[],"product_brand":[],"product_cat":[84573],"product_tag":[],"class_list":{"0":"post-340806","1":"product","2":"type-product","3":"status-publish","4":"has-post-thumbnail","6":"product_cat-stromschiene","8":"first","9":"instock","10":"taxable","11":"shipping-taxable","12":"product-type-simple"},"_links":{"self":[{"href":"https:\/\/www.arclite-shop.de\/it\/wp-json\/wp\/v2\/product\/340806","targetHints":{"allow":["GET"]}}],"collection":[{"href":"https:\/\/www.arclite-shop.de\/it\/wp-json\/wp\/v2\/product"}],"about":[{"href":"https:\/\/www.arclite-shop.de\/it\/wp-json\/wp\/v2\/types\/product"}],"wp:featuredmedia":[{"embeddable":true,"href":"https:\/\/www.arclite-shop.de\/it\/wp-json\/wp\/v2\/media\/370213"}],"wp:attachment":[{"href":"https:\/\/www.arclite-shop.de\/it\/wp-json\/wp\/v2\/media?parent=340806"}],"wp:term":[{"taxonomy":"product_brand","embeddable":true,"href":"https:\/\/www.arclite-shop.de\/it\/wp-json\/wp\/v2\/product_brand?post=340806"},{"taxonomy":"product_cat","embeddable":true,"href":"https:\/\/www.arclite-shop.de\/it\/wp-json\/wp\/v2\/product_cat?post=340806"},{"taxonomy":"product_tag","embeddable":true,"href":"https:\/\/www.arclite-shop.de\/it\/wp-json\/wp\/v2\/product_tag?post=340806"}],"curies":[{"name":"wp","href":"https:\/\/api.w.org\/{rel}","templated":true}]}}