{"id":340736,"date":"2024-10-31T10:15:06","date_gmt":"2024-10-31T09:15:06","guid":{"rendered":"https:\/\/www.arclite-shop.de\/produkt\/102-92-232-1000-2\/"},"modified":"2026-04-18T19:06:52","modified_gmt":"2026-04-18T17:06:52","slug":"102-92-232-1000-2","status":"publish","type":"product","link":"https:\/\/www.arclite-shop.de\/it\/produkt\/102-92-232-1000-2\/","title":{"rendered":"Cavo di collegamento WIELAND GST18i3 a 3 poli, 1 presa, 1 spina, 1,5mm\u00b2, 250V, 16A - 1000mm - bianco 92.232.1000.2"},"content":{"rendered":"<p>GST18i3 Verl\u00e4ngerungsleitung, Buchse &#8211; Stecker, Verriegelung m\u00f6glich, L\u00e4nge 1, 0 m, 3-polig, Kodierung Netz 250 V, 16 A, Farbe Kodierung weiss, Farbe Zugentlastung weiss, Farbe Leitung weiss, Leitungsquerschnitt 1, 5 mm\u00b2, Kabeltyp H05VV-F, Brandklasse: Eca.<\/p>\n","protected":false},"excerpt":{"rendered":"<p>GST18i3 Verl\u00e4ngerungsleitung, Buchse &#8211; Stecker, Verriegelung m\u00f6glich, L\u00e4nge 1, 0 m, 3-polig, Kodierung Netz 250 V, 16 A, Farbe Kodierung weiss, Farbe Zugentlastung weiss, Farbe Leitung weiss, Leitungsquerschnitt 1, 5 mm\u00b2, Kabeltyp H05VV-F, Brandklasse: Eca.<\/p>\n","protected":false},"featured_media":934743,"template":"","meta":[],"product_brand":[],"product_cat":[84566],"product_tag":[],"class_list":{"0":"post-340736","1":"product","2":"type-product","3":"status-publish","4":"has-post-thumbnail","6":"product_cat-konfektionierte-leitung-fuer-steckbare-gebaeudeinstallation","8":"first","9":"instock","10":"taxable","11":"shipping-taxable","12":"product-type-simple"},"_links":{"self":[{"href":"https:\/\/www.arclite-shop.de\/it\/wp-json\/wp\/v2\/product\/340736","targetHints":{"allow":["GET"]}}],"collection":[{"href":"https:\/\/www.arclite-shop.de\/it\/wp-json\/wp\/v2\/product"}],"about":[{"href":"https:\/\/www.arclite-shop.de\/it\/wp-json\/wp\/v2\/types\/product"}],"wp:featuredmedia":[{"embeddable":true,"href":"https:\/\/www.arclite-shop.de\/it\/wp-json\/wp\/v2\/media\/934743"}],"wp:attachment":[{"href":"https:\/\/www.arclite-shop.de\/it\/wp-json\/wp\/v2\/media?parent=340736"}],"wp:term":[{"taxonomy":"product_brand","embeddable":true,"href":"https:\/\/www.arclite-shop.de\/it\/wp-json\/wp\/v2\/product_brand?post=340736"},{"taxonomy":"product_cat","embeddable":true,"href":"https:\/\/www.arclite-shop.de\/it\/wp-json\/wp\/v2\/product_cat?post=340736"},{"taxonomy":"product_tag","embeddable":true,"href":"https:\/\/www.arclite-shop.de\/it\/wp-json\/wp\/v2\/product_tag?post=340736"}],"curies":[{"name":"wp","href":"https:\/\/api.w.org\/{rel}","templated":true}]}}