{"id":701586,"date":"2025-05-02T14:53:32","date_gmt":"2025-05-02T12:53:32","guid":{"rendered":"https:\/\/www.arclite-shop.de\/produkt\/597-cg-100\/"},"modified":"2026-04-16T09:11:02","modified_gmt":"2026-04-16T07:11:02","slug":"597-cg-100","status":"publish","type":"product","link":"https:\/\/www.arclite-shop.de\/fr\/produkt\/597-cg-100\/","title":{"rendered":"Collier de c\u00e2ble GLOBAL Trac Pro pour GA100 GAC600 GA300 CG 100 CG 100"},"content":{"rendered":"<p>Zugentlastung f\u00fcr die Modelle GA100, GAC600, GA300 und CG100 .F\u00fcr die sichere Befestigung und Stabilisierung von Kabeln und Leitungen.<\/p>\n","protected":false},"excerpt":{"rendered":"<p>Zugentlastung f\u00fcr die Modelle GA100, GAC600, GA300 und CG100 .F\u00fcr die sichere Befestigung und Stabilisierung von Kabeln und Leitungen.<\/p>\n","protected":false},"featured_media":818911,"template":"","meta":[],"product_brand":[],"product_cat":[],"product_tag":[],"class_list":{"0":"post-701586","1":"product","2":"type-product","3":"status-publish","4":"has-post-thumbnail","7":"first","8":"instock","9":"taxable","10":"shipping-taxable","11":"product-type-simple"},"_links":{"self":[{"href":"https:\/\/www.arclite-shop.de\/fr\/wp-json\/wp\/v2\/product\/701586","targetHints":{"allow":["GET"]}}],"collection":[{"href":"https:\/\/www.arclite-shop.de\/fr\/wp-json\/wp\/v2\/product"}],"about":[{"href":"https:\/\/www.arclite-shop.de\/fr\/wp-json\/wp\/v2\/types\/product"}],"wp:featuredmedia":[{"embeddable":true,"href":"https:\/\/www.arclite-shop.de\/fr\/wp-json\/wp\/v2\/media\/818911"}],"wp:attachment":[{"href":"https:\/\/www.arclite-shop.de\/fr\/wp-json\/wp\/v2\/media?parent=701586"}],"wp:term":[{"taxonomy":"product_brand","embeddable":true,"href":"https:\/\/www.arclite-shop.de\/fr\/wp-json\/wp\/v2\/product_brand?post=701586"},{"taxonomy":"product_cat","embeddable":true,"href":"https:\/\/www.arclite-shop.de\/fr\/wp-json\/wp\/v2\/product_cat?post=701586"},{"taxonomy":"product_tag","embeddable":true,"href":"https:\/\/www.arclite-shop.de\/fr\/wp-json\/wp\/v2\/product_tag?post=701586"}],"curies":[{"name":"wp","href":"https:\/\/api.w.org\/{rel}","templated":true}]}}