{"id":701581,"date":"2025-05-02T14:24:51","date_gmt":"2025-05-02T12:24:51","guid":{"rendered":"https:\/\/www.arclite-shop.de\/produkt\/02-4099854286247\/"},"modified":"2026-04-16T09:11:19","modified_gmt":"2026-04-16T07:11:19","slug":"02-4099854286247","status":"publish","type":"product","link":"https:\/\/www.arclite-shop.de\/fr\/produkt\/02-4099854286247\/","title":{"rendered":"\u00c9clairage mural et de plafond robuste avec protection et capteur IP65 et IK10"},"content":{"rendered":"<p>Robuste Wand- und Deckenleuchte mit IP65 und IK10 Schutz und Sensor. Produkteigenschaften: Hochfrequenzsensor f\u00fcr Tageslicht- und Bewegungserfassung. UV-stabilisiertes Polycarbonat (PC)-Geh\u00e4use, PC-Diffusor. Hohe Lichtausbeute: &gt; 120 lm\/W f\u00fcr 3000 K und 4000 K. Sto\u00dffestigkeit: IK10. Schutzart: IP65. Steckklemme f\u00fcr werkzeuglosen Anschluss. Durchverdrahtung m\u00f6glich. Produktvorteile: Mehrfache Einstellm\u00f6glichkeiten von Sensorbereich, Tageslichterkennung und Haltezeit. Sehr vielseitig durch eine am Treiber w\u00e4hlbare CCT und Wattageneinstellung (Multi Color \/ Mulit Lumen). Flexible Montagemuster f\u00fcr eine bequeme Installation. Geeignet f\u00fcr den Einsatz in \u00f6ffentlichen Bereichen dank hoher IK-Bewertung. Geeignet f\u00fcr Verwendung in staubigen und feuchten Umgebungen dank hoher Schutzart. Separates Dekorelement f\u00fcr ein \u00e4sthetisches und funktionales Design erh\u00e4ltlich. Anwendungsgebiete: Direkter Ersatz f\u00fcr Leuchten mit Leuchtstofflampen. Korridore, Treppenh\u00e4user, Eingangsbereiche. Passagen, Unterf\u00fchrungen. \u00d6ffentlicher Raum. Technische Ausstattung: Zus\u00e4tzliche Abdeckringe in verschiedenen Ausf\u00fchrungen erh\u00e4ltlich. Inklusive Montageschrauben und D\u00fcbel. Diebstahlschutzschraube enthalten.<\/p>\n","protected":false},"excerpt":{"rendered":"<p>Robuste Wand- und Deckenleuchte mit IP65 und IK10 Schutz und Sensor. Produkteigenschaften: Hochfrequenzsensor f\u00fcr Tageslicht- und Bewegungserfassung. UV-stabilisiertes Polycarbonat (PC)-Geh\u00e4use, PC-Diffusor. Hohe Lichtausbeute: &gt; 120 lm\/W f\u00fcr 3000 K und 4000 K. Sto\u00dffestigkeit: IK10. Schutzart: IP65. Steckklemme f\u00fcr werkzeuglosen Anschluss.<span class=\"excerpt-hellip\"> [\u2026]<\/span><\/p>\n","protected":false},"featured_media":0,"template":"","meta":[],"product_brand":[],"product_cat":[87052],"product_tag":[],"class_list":{"0":"post-701581","1":"product","2":"type-product","3":"status-publish","5":"product_cat-decken-wandleuchte","7":"first","8":"instock","9":"taxable","10":"shipping-taxable","11":"product-type-simple"},"_links":{"self":[{"href":"https:\/\/www.arclite-shop.de\/fr\/wp-json\/wp\/v2\/product\/701581","targetHints":{"allow":["GET"]}}],"collection":[{"href":"https:\/\/www.arclite-shop.de\/fr\/wp-json\/wp\/v2\/product"}],"about":[{"href":"https:\/\/www.arclite-shop.de\/fr\/wp-json\/wp\/v2\/types\/product"}],"wp:attachment":[{"href":"https:\/\/www.arclite-shop.de\/fr\/wp-json\/wp\/v2\/media?parent=701581"}],"wp:term":[{"taxonomy":"product_brand","embeddable":true,"href":"https:\/\/www.arclite-shop.de\/fr\/wp-json\/wp\/v2\/product_brand?post=701581"},{"taxonomy":"product_cat","embeddable":true,"href":"https:\/\/www.arclite-shop.de\/fr\/wp-json\/wp\/v2\/product_cat?post=701581"},{"taxonomy":"product_tag","embeddable":true,"href":"https:\/\/www.arclite-shop.de\/fr\/wp-json\/wp\/v2\/product_tag?post=701581"}],"curies":[{"name":"wp","href":"https:\/\/api.w.org\/{rel}","templated":true}]}}