{"id":701580,"date":"2025-05-02T14:24:31","date_gmt":"2025-05-02T12:24:31","guid":{"rendered":"https:\/\/www.arclite-shop.de\/produkt\/02-4099854095221\/"},"modified":"2026-04-16T09:11:26","modified_gmt":"2026-04-16T07:11:26","slug":"02-4099854095221","status":"publish","type":"product","link":"https:\/\/www.arclite-shop.de\/fr\/produkt\/02-4099854095221\/","title":{"rendered":"Bandes d\u00e9coratives COB avec changement CCT, effet lumineux homog\u00e8ne et t\u00e9l\u00e9commande"},"content":{"rendered":"<p>Dekorative COB-Strips mit CCT-Wechsel, homogenem Lichteffekt und Fernbedienung. Produkteigenschaften: COB Technologie f\u00fcr homogene Lichtverteilung. Dimmbar. Farbtemperatur stufenlos einstellbar durch Fernbedienung von 2700 K bis zu 6500 K. Flexible, biegsame LED-Lichtstreifen. Produktvorteile: Einfache und schnelle Installation. Gleichm\u00e4\u00dfige Lichtverteilung dank COB LED. Anwendungsgebiete: Wohnr\u00e4ume. Indirekte Beleuchtung. Technische Ausstattung: Fernbedienung und Batterie im Lieferumfang enthalten. Vollst\u00e4ndiges Montage- und Anschlusszubeh\u00f6r enthalten.<\/p>\n","protected":false},"excerpt":{"rendered":"<p>Dekorative COB-Strips mit CCT-Wechsel, homogenem Lichteffekt und Fernbedienung. Produkteigenschaften: COB Technologie f\u00fcr homogene Lichtverteilung. Dimmbar. Farbtemperatur stufenlos einstellbar durch Fernbedienung von 2700 K bis zu 6500 K. Flexible, biegsame LED-Lichtstreifen. Produktvorteile: Einfache und schnelle Installation. Gleichm\u00e4\u00dfige Lichtverteilung dank COB LED.<span class=\"excerpt-hellip\"> [\u2026]<\/span><\/p>\n","protected":false},"featured_media":702153,"template":"","meta":[],"product_brand":[],"product_cat":[87128],"product_tag":[],"class_list":{"0":"post-701580","1":"product","2":"type-product","3":"status-publish","4":"has-post-thumbnail","6":"product_cat-lichtschlauch-band","8":"first","9":"instock","10":"taxable","11":"shipping-taxable","12":"product-type-simple"},"_links":{"self":[{"href":"https:\/\/www.arclite-shop.de\/fr\/wp-json\/wp\/v2\/product\/701580","targetHints":{"allow":["GET"]}}],"collection":[{"href":"https:\/\/www.arclite-shop.de\/fr\/wp-json\/wp\/v2\/product"}],"about":[{"href":"https:\/\/www.arclite-shop.de\/fr\/wp-json\/wp\/v2\/types\/product"}],"wp:featuredmedia":[{"embeddable":true,"href":"https:\/\/www.arclite-shop.de\/fr\/wp-json\/wp\/v2\/media\/702153"}],"wp:attachment":[{"href":"https:\/\/www.arclite-shop.de\/fr\/wp-json\/wp\/v2\/media?parent=701580"}],"wp:term":[{"taxonomy":"product_brand","embeddable":true,"href":"https:\/\/www.arclite-shop.de\/fr\/wp-json\/wp\/v2\/product_brand?post=701580"},{"taxonomy":"product_cat","embeddable":true,"href":"https:\/\/www.arclite-shop.de\/fr\/wp-json\/wp\/v2\/product_cat?post=701580"},{"taxonomy":"product_tag","embeddable":true,"href":"https:\/\/www.arclite-shop.de\/fr\/wp-json\/wp\/v2\/product_tag?post=701580"}],"curies":[{"name":"wp","href":"https:\/\/api.w.org\/{rel}","templated":true}]}}