{"id":586898,"date":"2025-03-20T10:03:59","date_gmt":"2025-03-20T09:03:59","guid":{"rendered":"https:\/\/www.arclite-shop.de\/produkt\/02-4099854292675\/"},"modified":"2026-04-16T09:15:27","modified_gmt":"2026-04-16T07:15:27","slug":"02-4099854292675","status":"publish","type":"product","link":"https:\/\/www.arclite-shop.de\/fr\/produkt\/02-4099854292675\/","title":{"rendered":"\u00c9clairage carr\u00e9 polyvalent pour mur et plafond"},"content":{"rendered":"<p>Vielseitige quadratische Wand- und Deckenleuchte. Produkteigenschaften: Schutzart: IP54 (Wand-und Deckenmontage). Sto\u00dffestigkeit: IK08. Lebensdauer (L80\/B10): 100.000 h (bei 25 \u00b0C), (L90\/B10): 50.000 h (bei 25 \u00b0C). Polycarbonat (PC)-Geh\u00e4use, PC-Diffusor. Umgebungstemperaturbereich bei Betrieb: -20&#8230;+45 \u00b0C. Gl\u00fchdrahtpr\u00fcfung nach IEC 60695-2-12: 850 \u00b0C. 5-polige Anschlussklemme, Kabelquerschnitt bis zu 5 x 2,5 mm?. Durchverdrahtung m\u00f6glich. Einsatz nur im Innenbereich, nicht f\u00fcr den Au\u00dfenbereich geeignet. Sensorversion mit Hochfrequenzsensor, Korridor- und Gruppierungsfunktion. Produktvorteile: Einfache Aufr\u00fcstbarkeit von Lichtquelle, Treiber und Sensor (EVERLOOP-Design). Sehr vielseitig durch eine am Treiber w\u00e4hlbare CCT und Wattageneinstellung (Multi Color \/ Mulit Lumen). Innenleuchte mit einer Effizienz von bis zu 140 lm\/W. Hohe Farbkonsistenz mit SDCM 3. Werkzeugloser elektrischer Anschluss dank Push-Button-Anschlussklemme. Sehr homogenes Licht mit leichtem Hintergrundbeleuchtungs-Effekt. Erweiterte Dienstleistungen wie Stromverbrauchs\u00fcberwachung und Fernwartung m\u00f6glich bei DALI Versionen. 5 Jahre Garantie. Anwendungsgebiete: Direkter Ersatz f\u00fcr Anbauleuchten mit integrierten CFLni-Lampen. Flure. Treppenh\u00e4user. Badezimmer. Eingangsbereiche. Technische Ausstattung: EVERLOOP-Leuchte: Erweiterungen und Austauschkomponenten erh\u00e4ltlich. Dekorativer silberner Rahmen seperat erh\u00e4ltlich.<\/p>\n","protected":false},"excerpt":{"rendered":"<p>Vielseitige quadratische Wand- und Deckenleuchte. Produkteigenschaften: Schutzart: IP54 (Wand-und Deckenmontage). Sto\u00dffestigkeit: IK08. Lebensdauer (L80\/B10): 100.000 h (bei 25 \u00b0C), (L90\/B10): 50.000 h (bei 25 \u00b0C). Polycarbonat (PC)-Geh\u00e4use, PC-Diffusor. Umgebungstemperaturbereich bei Betrieb: -20&#8230;+45 \u00b0C. Gl\u00fchdrahtpr\u00fcfung nach IEC 60695-2-12: 850 \u00b0C. 5-polige<span class=\"excerpt-hellip\"> [\u2026]<\/span><\/p>\n","protected":false},"featured_media":0,"template":"","meta":[],"product_brand":[],"product_cat":[87052],"product_tag":[],"class_list":{"0":"post-586898","1":"product","2":"type-product","3":"status-publish","5":"product_cat-decken-wandleuchte","7":"first","8":"instock","9":"taxable","10":"shipping-taxable","11":"product-type-simple"},"_links":{"self":[{"href":"https:\/\/www.arclite-shop.de\/fr\/wp-json\/wp\/v2\/product\/586898","targetHints":{"allow":["GET"]}}],"collection":[{"href":"https:\/\/www.arclite-shop.de\/fr\/wp-json\/wp\/v2\/product"}],"about":[{"href":"https:\/\/www.arclite-shop.de\/fr\/wp-json\/wp\/v2\/types\/product"}],"wp:attachment":[{"href":"https:\/\/www.arclite-shop.de\/fr\/wp-json\/wp\/v2\/media?parent=586898"}],"wp:term":[{"taxonomy":"product_brand","embeddable":true,"href":"https:\/\/www.arclite-shop.de\/fr\/wp-json\/wp\/v2\/product_brand?post=586898"},{"taxonomy":"product_cat","embeddable":true,"href":"https:\/\/www.arclite-shop.de\/fr\/wp-json\/wp\/v2\/product_cat?post=586898"},{"taxonomy":"product_tag","embeddable":true,"href":"https:\/\/www.arclite-shop.de\/fr\/wp-json\/wp\/v2\/product_tag?post=586898"}],"curies":[{"name":"wp","href":"https:\/\/api.w.org\/{rel}","templated":true}]}}