{"id":586782,"date":"2025-03-20T10:03:22","date_gmt":"2025-03-20T09:03:22","guid":{"rendered":"https:\/\/www.arclite-shop.de\/produkt\/02-4099854248573\/"},"modified":"2026-04-30T09:10:07","modified_gmt":"2026-04-30T07:10:07","slug":"02-4099854248573","status":"publish","type":"product","link":"https:\/\/www.arclite-shop.de\/fr\/produkt\/02-4099854248573\/","title":{"rendered":"Lampes LED basse tension 12 V dimmables avec base enfichable r\u00e9trofit"},"content":{"rendered":"<p>Dimmbare 12 V-Niedervolt-LED-Lampen mit Retrofit-Stecksockel. Produkteigenschaften: Dimmbar (an vielen handels\u00fcblichen Dimmern, siehe auchwww.ledvance.de\/dim). Kompatibel mit vielen handels\u00fcblichen elektronischen Vorschaltger\u00e4ten (siehe auchKompatibilit\u00e4tsliste). LED-Alternative zu Niedervolthalogenlampen. Sockel: G4, GY6.35. Produktvorteile: Variabler Einsatz an Gleich- und Wechselspannung m\u00f6glich. Gute Rundum-Lichtausstrahlung. Ideal f\u00fcr den dekorativen und frei brennenden Einsatz. Sehr lange Lebensdauer von bis zu 25.000 h. Vier Jahre Garantie. Geringerer Energieverbrauch als Gl\u00fch- oder Halogenlampen. Anwendungsgebiete: Dekorative Anwendungen. F\u00fcr stimmungsvolle Lichtakzente in Wohnr\u00e4umen und Partykellern. Einsatz im Au\u00dfenbereich nur in geeigneten Au\u00dfenleuchten.<\/p>\n","protected":false},"excerpt":{"rendered":"<p>Dimmbare 12 V-Niedervolt-LED-Lampen mit Retrofit-Stecksockel. Produkteigenschaften: Dimmbar (an vielen handels\u00fcblichen Dimmern, siehe auchwww.ledvance.de\/dim). Kompatibel mit vielen handels\u00fcblichen elektronischen Vorschaltger\u00e4ten (siehe auchKompatibilit\u00e4tsliste). LED-Alternative zu Niedervolthalogenlampen. Sockel: G4, GY6.35. Produktvorteile: Variabler Einsatz an Gleich- und Wechselspannung m\u00f6glich. Gute Rundum-Lichtausstrahlung. Ideal f\u00fcr den<span class=\"excerpt-hellip\"> [\u2026]<\/span><\/p>\n","protected":false},"featured_media":587883,"template":"","meta":[],"product_brand":[],"product_cat":[87060],"product_tag":[],"class_list":{"0":"post-586782","1":"product","2":"type-product","3":"status-publish","4":"has-post-thumbnail","6":"product_cat-led-lampe-multi-led","8":"first","9":"instock","10":"taxable","11":"shipping-taxable","12":"product-type-simple"},"_links":{"self":[{"href":"https:\/\/www.arclite-shop.de\/fr\/wp-json\/wp\/v2\/product\/586782","targetHints":{"allow":["GET"]}}],"collection":[{"href":"https:\/\/www.arclite-shop.de\/fr\/wp-json\/wp\/v2\/product"}],"about":[{"href":"https:\/\/www.arclite-shop.de\/fr\/wp-json\/wp\/v2\/types\/product"}],"wp:featuredmedia":[{"embeddable":true,"href":"https:\/\/www.arclite-shop.de\/fr\/wp-json\/wp\/v2\/media\/587883"}],"wp:attachment":[{"href":"https:\/\/www.arclite-shop.de\/fr\/wp-json\/wp\/v2\/media?parent=586782"}],"wp:term":[{"taxonomy":"product_brand","embeddable":true,"href":"https:\/\/www.arclite-shop.de\/fr\/wp-json\/wp\/v2\/product_brand?post=586782"},{"taxonomy":"product_cat","embeddable":true,"href":"https:\/\/www.arclite-shop.de\/fr\/wp-json\/wp\/v2\/product_cat?post=586782"},{"taxonomy":"product_tag","embeddable":true,"href":"https:\/\/www.arclite-shop.de\/fr\/wp-json\/wp\/v2\/product_tag?post=586782"}],"curies":[{"name":"wp","href":"https:\/\/api.w.org\/{rel}","templated":true}]}}