{"id":586660,"date":"2025-03-20T10:02:49","date_gmt":"2025-03-20T09:02:49","guid":{"rendered":"https:\/\/www.arclite-shop.de\/produkt\/02-4099854234965\/"},"modified":"2026-04-16T10:09:11","modified_gmt":"2026-04-16T08:09:11","slug":"02-4099854234965","status":"publish","type":"product","link":"https:\/\/www.arclite-shop.de\/fr\/produkt\/02-4099854234965\/","title":{"rendered":"Dimmbare LED-Reflektorlampen PAR16 mit Retrofit-Stecksockel"},"content":{"rendered":"<p>Dimmbare LED-Reflektorlampen PAR16 mit Retrofit-Stecksockel. Produkteigenschaften: LED-Alternative zu Hochvolthalogenlampen. Hohe Farbkonsistenz: \u22645 SDCM (Schwellwerteinheit). Dimmbar. Lampe aus Glas. Produktvorteile: Einfacher, schneller und sicherer Lampenaustausch ohne Umverdrahtung. Design, Abmessungen, Lichtstrom vergleichbar mit einer Gl\u00fch- oder Halogenlampe. Geringer Wartungsaufwand durch lange Lebensdauer. Keine UV- und IR-nahen Anteile im Lichtstrahl. Stufenloses Dimmen. Sehr hohe Dimmerkompatibilit\u00e4t, siehe auchwww.ledvance.de\/dim. Sofort 100 % Licht, keine Aufw\u00e4rmzeit. Geringerer Energieverbrauch als Gl\u00fch- oder Halogenlampen. Anwendungsgebiete: Verkaufs- und Ausstellungsr\u00e4ume. Anwendungen im Haushalt. Anwendung im Gewerbe. Akzentbeleuchtung. Einsatz im Au\u00dfenbereich nur in geeigneten Au\u00dfenleuchten.<\/p>\n","protected":false},"excerpt":{"rendered":"<p>Dimmbare LED-Reflektorlampen PAR16 mit Retrofit-Stecksockel. Produkteigenschaften: LED-Alternative zu Hochvolthalogenlampen. Hohe Farbkonsistenz: \u22645 SDCM (Schwellwerteinheit). Dimmbar. Lampe aus Glas. Produktvorteile: Einfacher, schneller und sicherer Lampenaustausch ohne Umverdrahtung. Design, Abmessungen, Lichtstrom vergleichbar mit einer Gl\u00fch- oder Halogenlampe. Geringer Wartungsaufwand durch lange Lebensdauer.<span class=\"excerpt-hellip\"> [\u2026]<\/span><\/p>\n","protected":false},"featured_media":364914,"template":"","meta":[],"product_brand":[],"product_cat":[87060],"product_tag":[],"class_list":{"0":"post-586660","1":"product","2":"type-product","3":"status-publish","4":"has-post-thumbnail","6":"product_cat-led-lampe-multi-led","8":"first","9":"instock","10":"taxable","11":"shipping-taxable","12":"product-type-simple"},"_links":{"self":[{"href":"https:\/\/www.arclite-shop.de\/fr\/wp-json\/wp\/v2\/product\/586660","targetHints":{"allow":["GET"]}}],"collection":[{"href":"https:\/\/www.arclite-shop.de\/fr\/wp-json\/wp\/v2\/product"}],"about":[{"href":"https:\/\/www.arclite-shop.de\/fr\/wp-json\/wp\/v2\/types\/product"}],"wp:featuredmedia":[{"embeddable":true,"href":"https:\/\/www.arclite-shop.de\/fr\/wp-json\/wp\/v2\/media\/364914"}],"wp:attachment":[{"href":"https:\/\/www.arclite-shop.de\/fr\/wp-json\/wp\/v2\/media?parent=586660"}],"wp:term":[{"taxonomy":"product_brand","embeddable":true,"href":"https:\/\/www.arclite-shop.de\/fr\/wp-json\/wp\/v2\/product_brand?post=586660"},{"taxonomy":"product_cat","embeddable":true,"href":"https:\/\/www.arclite-shop.de\/fr\/wp-json\/wp\/v2\/product_cat?post=586660"},{"taxonomy":"product_tag","embeddable":true,"href":"https:\/\/www.arclite-shop.de\/fr\/wp-json\/wp\/v2\/product_tag?post=586660"}],"curies":[{"name":"wp","href":"https:\/\/api.w.org\/{rel}","templated":true}]}}