{"id":586638,"date":"2025-03-20T10:02:41","date_gmt":"2025-03-20T09:02:41","guid":{"rendered":"https:\/\/www.arclite-shop.de\/produkt\/02-4099854237034\/"},"modified":"2026-04-16T10:16:58","modified_gmt":"2026-04-16T08:16:58","slug":"02-4099854237034","status":"publish","type":"product","link":"https:\/\/www.arclite-shop.de\/fr\/produkt\/02-4099854237034\/","title":{"rendered":"LAMPES LED, forme classique Edison, EFFICACIT\u00c9 \u00c9NERG\u00c9TIQUE CLASSE A"},"content":{"rendered":"<p>LED LAMPEN, klassische Edisonform, ENERGIEEFFIZIENTKLASSE A. Produkteigenschaften: LED-Lampen f\u00fcr Netzspannung. Lichtausbeute: bis zu 210 lm\/W. Ausstrahlungswinkel: bis zu 300\u00b0. Sehr lange mittlere Lebensdauer: 50.000 h . Sehr hohe Anzahl von Schaltzyklen: 500.000. Produktvorteile: Lampen mit innovativer LED-\u00ab\u00a0Filament\u00a0\u00bb-Technologie. Geringer Energieverbrauch. Design, Abmessungen, Lichtstrom vergleichbar mit einer Halogenlampe. Sofort 100 % Licht, keine Aufw\u00e4rmzeit. Geringes flackern. Anwendungsgebiete: Ideal f\u00fcr dekorative Einbauten. Anwendungen im Haushalt. Allgemeinbeleuchtung. Einsatz im Au\u00dfenbereich nur in geeigneten Au\u00dfenleuchten.<\/p>\n","protected":false},"excerpt":{"rendered":"<p>LED LAMPEN, klassische Edisonform, ENERGIEEFFIZIENTKLASSE A. Produkteigenschaften: LED-Lampen f\u00fcr Netzspannung. Lichtausbeute: bis zu 210 lm\/W. Ausstrahlungswinkel: bis zu 300\u00b0. Sehr lange mittlere Lebensdauer: 50.000 h . Sehr hohe Anzahl von Schaltzyklen: 500.000. Produktvorteile: Lampen mit innovativer LED-\u00ab\u00a0Filament\u00a0\u00bb-Technologie. Geringer Energieverbrauch. Design,<span class=\"excerpt-hellip\"> [\u2026]<\/span><\/p>\n","protected":false},"featured_media":588747,"template":"","meta":[],"product_brand":[],"product_cat":[87060],"product_tag":[],"class_list":{"0":"post-586638","1":"product","2":"type-product","3":"status-publish","4":"has-post-thumbnail","6":"product_cat-led-lampe-multi-led","8":"first","9":"instock","10":"taxable","11":"shipping-taxable","12":"product-type-simple"},"_links":{"self":[{"href":"https:\/\/www.arclite-shop.de\/fr\/wp-json\/wp\/v2\/product\/586638","targetHints":{"allow":["GET"]}}],"collection":[{"href":"https:\/\/www.arclite-shop.de\/fr\/wp-json\/wp\/v2\/product"}],"about":[{"href":"https:\/\/www.arclite-shop.de\/fr\/wp-json\/wp\/v2\/types\/product"}],"wp:featuredmedia":[{"embeddable":true,"href":"https:\/\/www.arclite-shop.de\/fr\/wp-json\/wp\/v2\/media\/588747"}],"wp:attachment":[{"href":"https:\/\/www.arclite-shop.de\/fr\/wp-json\/wp\/v2\/media?parent=586638"}],"wp:term":[{"taxonomy":"product_brand","embeddable":true,"href":"https:\/\/www.arclite-shop.de\/fr\/wp-json\/wp\/v2\/product_brand?post=586638"},{"taxonomy":"product_cat","embeddable":true,"href":"https:\/\/www.arclite-shop.de\/fr\/wp-json\/wp\/v2\/product_cat?post=586638"},{"taxonomy":"product_tag","embeddable":true,"href":"https:\/\/www.arclite-shop.de\/fr\/wp-json\/wp\/v2\/product_tag?post=586638"}],"curies":[{"name":"wp","href":"https:\/\/api.w.org\/{rel}","templated":true}]}}