{"id":586624,"date":"2025-03-20T10:02:37","date_gmt":"2025-03-20T09:02:37","guid":{"rendered":"https:\/\/www.arclite-shop.de\/produkt\/02-4099854205187\/"},"modified":"2026-04-16T10:21:16","modified_gmt":"2026-04-16T08:21:16","slug":"02-4099854205187","status":"publish","type":"product","link":"https:\/\/www.arclite-shop.de\/fr\/produkt\/02-4099854205187\/","title":{"rendered":"Lampes LED, forme classique d\u2019ampoule B en plastique recycl\u00e9"},"content":{"rendered":"<p>LED Lampen, klassische B Kolbenform aus recyceltem plastik. Produkteigenschaften: LED-Alternative zu konventionellen Lampen. Quecksilberfreie Lampen. Besteht aus mindestens 40 % recyceltem Kunststoff (im Verh\u00e4ltnis zum Gesamtgewicht des Kunststoffs). Produktvorteile: Geringerer Energieverbrauch als Gl\u00fch- oder Halogenlampen. Einfacher Ersatz von klassischen Lampen dank kompaktem Design. Sofort 100 % Licht, keine Aufw\u00e4rmzeit. Die aus recyceltem Kunststoff hergestellte Lampe tr\u00e4gt zur Reduzierung von CO2-Emissionen und Plastikabfall bei. Anwendungsgebiete: Anwendungen im Haushalt. Allgemeinbeleuchtung. Einsatz im Au\u00dfenbereich nur in geeigneten Au\u00dfenleuchten.<\/p>\n","protected":false},"excerpt":{"rendered":"<p>LED Lampen, klassische B Kolbenform aus recyceltem plastik. Produkteigenschaften: LED-Alternative zu konventionellen Lampen. Quecksilberfreie Lampen. Besteht aus mindestens 40 % recyceltem Kunststoff (im Verh\u00e4ltnis zum Gesamtgewicht des Kunststoffs). Produktvorteile: Geringerer Energieverbrauch als Gl\u00fch- oder Halogenlampen. Einfacher Ersatz von klassischen Lampen<span class=\"excerpt-hellip\"> [\u2026]<\/span><\/p>\n","protected":false},"featured_media":363529,"template":"","meta":[],"product_brand":[],"product_cat":[87060],"product_tag":[],"class_list":{"0":"post-586624","1":"product","2":"type-product","3":"status-publish","4":"has-post-thumbnail","6":"product_cat-led-lampe-multi-led","8":"first","9":"instock","10":"taxable","11":"shipping-taxable","12":"product-type-simple"},"_links":{"self":[{"href":"https:\/\/www.arclite-shop.de\/fr\/wp-json\/wp\/v2\/product\/586624","targetHints":{"allow":["GET"]}}],"collection":[{"href":"https:\/\/www.arclite-shop.de\/fr\/wp-json\/wp\/v2\/product"}],"about":[{"href":"https:\/\/www.arclite-shop.de\/fr\/wp-json\/wp\/v2\/types\/product"}],"wp:featuredmedia":[{"embeddable":true,"href":"https:\/\/www.arclite-shop.de\/fr\/wp-json\/wp\/v2\/media\/363529"}],"wp:attachment":[{"href":"https:\/\/www.arclite-shop.de\/fr\/wp-json\/wp\/v2\/media?parent=586624"}],"wp:term":[{"taxonomy":"product_brand","embeddable":true,"href":"https:\/\/www.arclite-shop.de\/fr\/wp-json\/wp\/v2\/product_brand?post=586624"},{"taxonomy":"product_cat","embeddable":true,"href":"https:\/\/www.arclite-shop.de\/fr\/wp-json\/wp\/v2\/product_cat?post=586624"},{"taxonomy":"product_tag","embeddable":true,"href":"https:\/\/www.arclite-shop.de\/fr\/wp-json\/wp\/v2\/product_tag?post=586624"}],"curies":[{"name":"wp","href":"https:\/\/api.w.org\/{rel}","templated":true}]}}