{"id":586611,"date":"2025-03-20T10:02:32","date_gmt":"2025-03-20T09:02:32","guid":{"rendered":"https:\/\/www.arclite-shop.de\/produkt\/02-4099854178252\/"},"modified":"2026-04-16T10:27:14","modified_gmt":"2026-04-16T08:27:14","slug":"02-4099854178252","status":"publish","type":"product","link":"https:\/\/www.arclite-shop.de\/fr\/produkt\/02-4099854178252\/","title":{"rendered":"Tubes LED avec lumi\u00e8re de type lumi\u00e8re de jour"},"content":{"rendered":"<p>LED-R\u00f6hren mit tageslicht\u00e4hnlichem Licht. Produkteigenschaften: LED-Ersatz f\u00fcr herk\u00f6mmliche T8-Leuchtstofflampen mit G13 Sockel in KVG Leuchten. T8-LED-R\u00f6hre aus Glas mit G13-Sockel. Emittiert tageslicht\u00e4hnliches Licht. Sehr guter Farbwiedergabeindex. Flimmerarm nach EU 2019\/2020 (SVM ?0,4 \/ PstLM ? 1). Quecksilberfrei und RoHS-konform. Einzel- und Tandembetrieb an konventionellem Vorschaltger\u00e4t (Versionen ?0.9 m). Schutzart: IP20. Produktvorteile: Hohe Farbhomogenit\u00e4t. Energieeinsparung von bis zu 69 % gegen\u00fcber herk\u00f6mmlichen T8-Leuchtstofflampen. Flackerfreier Sofortstart. Anwendungsgebiete: Anwendungen wo tageslicht\u00e4hnliches Licht ben\u00f6tigt wird. Allgemeinbeleuchtung in Umgebungstemperaturen von -20&#8230;+45 \u00b0C. Anwendungen im Haushalt. Technische Ausstattung: Geeignet f\u00fcr den Betrieb an magnetischen Vorschaltger\u00e4ten.<\/p>\n","protected":false},"excerpt":{"rendered":"<p>LED-R\u00f6hren mit tageslicht\u00e4hnlichem Licht. Produkteigenschaften: LED-Ersatz f\u00fcr herk\u00f6mmliche T8-Leuchtstofflampen mit G13 Sockel in KVG Leuchten. T8-LED-R\u00f6hre aus Glas mit G13-Sockel. Emittiert tageslicht\u00e4hnliches Licht. Sehr guter Farbwiedergabeindex. Flimmerarm nach EU 2019\/2020 (SVM ?0,4 \/ PstLM ? 1). Quecksilberfrei und RoHS-konform. Einzel-<span class=\"excerpt-hellip\"> [\u2026]<\/span><\/p>\n","protected":false},"featured_media":365634,"template":"","meta":[],"product_brand":[],"product_cat":[87060],"product_tag":[],"class_list":{"0":"post-586611","1":"product","2":"type-product","3":"status-publish","4":"has-post-thumbnail","6":"product_cat-led-lampe-multi-led","8":"first","9":"instock","10":"taxable","11":"shipping-taxable","12":"product-type-simple"},"_links":{"self":[{"href":"https:\/\/www.arclite-shop.de\/fr\/wp-json\/wp\/v2\/product\/586611","targetHints":{"allow":["GET"]}}],"collection":[{"href":"https:\/\/www.arclite-shop.de\/fr\/wp-json\/wp\/v2\/product"}],"about":[{"href":"https:\/\/www.arclite-shop.de\/fr\/wp-json\/wp\/v2\/types\/product"}],"wp:featuredmedia":[{"embeddable":true,"href":"https:\/\/www.arclite-shop.de\/fr\/wp-json\/wp\/v2\/media\/365634"}],"wp:attachment":[{"href":"https:\/\/www.arclite-shop.de\/fr\/wp-json\/wp\/v2\/media?parent=586611"}],"wp:term":[{"taxonomy":"product_brand","embeddable":true,"href":"https:\/\/www.arclite-shop.de\/fr\/wp-json\/wp\/v2\/product_brand?post=586611"},{"taxonomy":"product_cat","embeddable":true,"href":"https:\/\/www.arclite-shop.de\/fr\/wp-json\/wp\/v2\/product_cat?post=586611"},{"taxonomy":"product_tag","embeddable":true,"href":"https:\/\/www.arclite-shop.de\/fr\/wp-json\/wp\/v2\/product_tag?post=586611"}],"curies":[{"name":"wp","href":"https:\/\/api.w.org\/{rel}","templated":true}]}}