{"id":586550,"date":"2025-03-20T10:02:16","date_gmt":"2025-03-20T09:02:16","guid":{"rendered":"https:\/\/www.arclite-shop.de\/produkt\/02-4099854140167\/"},"modified":"2026-04-16T10:50:10","modified_gmt":"2026-04-16T08:50:10","slug":"02-4099854140167","status":"publish","type":"product","link":"https:\/\/www.arclite-shop.de\/fr\/produkt\/02-4099854140167\/","title":{"rendered":"Luminaires encastr\u00e9s, Blanc R\u00e9glable, 115 lm\/W, installation sans outil, technologie IoT DALI-2"},"content":{"rendered":"<p>Einlege-Leuchten, Tunable White, 115 lm\/W, werkzeuglose Montage, DALI-2 IoT Technologie. Produkteigenschaften: IoT-f\u00e4hige Leuchte mit DALI-2 Technologie. Farbtemperatur \u00fcber Tunable White einstellbar: 2.700-6.500 K. Sehr hoher Farbwiedergabeindex Ra: &gt; 90. Hochwertiger Rahmen aus stranggepresstem Aluminium. Version verf\u00fcgbar mit vormontiertem Wago-Steckverbinder (Typ: WAGO 771-9985\/206-301) f\u00fcr PANEL 625 CSW. Geeignet f\u00fcr den Einsatz an Zentralbatteriesystemen gem\u00e4\u00df EN60598-2-22. Produktvorteile: Geeignete Leuchte f\u00fcr VIVARES DALI, VIVARES DALI HCL und andere DALI-2 Lichtsteuerungen. Erm\u00f6glicht individuelle Tunable White Lichtl\u00f6sung in Kombination mit kompatiblen DALI-2 Steuerger\u00e4ten. Unterst\u00fctzt LEDVANCE Human Centric Lighting in Kombination mit dem DALI PRO 2 IOT LDVV Steuerger\u00e4t (4052899627079). Kompatibel mit VIVARES CLOUD SERVICE f\u00fcr Stromverbrauchs\u00fcberwachung. Durchverdrahtung mit enthaltener Kabelklemme m\u00f6glich. Energieeinsparung dank hoher Systemlichtausbeute: bis zu 115 lm\/W. Externer DALI-2 Treiber f\u00fcr erweiterte Flexibilit\u00e4t und einfache Montage. Flimmerarmes Licht dank speziellem elektronischen Vorschaltger\u00e4t. Gute Entblendung (UGR &lt; 19). 5 Jahre Garantie. Anwendungsgebiete: Direkter Ersatz f\u00fcr Leuchten mit Leuchtstofflampen. Breites Tunable White CRI90  Lichtfarbenspektrum f\u00fcr hochqualitative Human Centric Lighting Anwendungen. B\u00fcror\u00e4ume, Konferenzr\u00e4ume. Empfangsbereiche, Eingangsbereiche, Korridore, Aufz\u00fcge. Verf\u00fcgbar f\u00fcr Rasterma\u00df von 600 mm x 600 mm, 625 mm x 625 mm and 1200 x 300 mm. Technische Ausstattung: Zubeh\u00f6r f\u00fcr verschiedene Einbaum\u00f6glichkeiten erh\u00e4ltlich. Externes Vorschaltger\u00e4t enthalten. Security kit (Sicherheitsseil und -klemmen) enthalten. Vormontierte Kabelklemme zur Durchverdrahtung.<\/p>\n","protected":false},"excerpt":{"rendered":"<p>Einlege-Leuchten, Tunable White, 115 lm\/W, werkzeuglose Montage, DALI-2 IoT Technologie. Produkteigenschaften: IoT-f\u00e4hige Leuchte mit DALI-2 Technologie. Farbtemperatur \u00fcber Tunable White einstellbar: 2.700-6.500 K. Sehr hoher Farbwiedergabeindex Ra: &gt; 90. Hochwertiger Rahmen aus stranggepresstem Aluminium. Version verf\u00fcgbar mit vormontiertem Wago-Steckverbinder (Typ:<span class=\"excerpt-hellip\"> [\u2026]<\/span><\/p>\n","protected":false},"featured_media":363589,"template":"","meta":[],"product_brand":[],"product_cat":[87052],"product_tag":[],"class_list":{"0":"post-586550","1":"product","2":"type-product","3":"status-publish","4":"has-post-thumbnail","6":"product_cat-decken-wandleuchte","8":"first","9":"instock","10":"taxable","11":"shipping-taxable","12":"product-type-simple"},"_links":{"self":[{"href":"https:\/\/www.arclite-shop.de\/fr\/wp-json\/wp\/v2\/product\/586550","targetHints":{"allow":["GET"]}}],"collection":[{"href":"https:\/\/www.arclite-shop.de\/fr\/wp-json\/wp\/v2\/product"}],"about":[{"href":"https:\/\/www.arclite-shop.de\/fr\/wp-json\/wp\/v2\/types\/product"}],"wp:featuredmedia":[{"embeddable":true,"href":"https:\/\/www.arclite-shop.de\/fr\/wp-json\/wp\/v2\/media\/363589"}],"wp:attachment":[{"href":"https:\/\/www.arclite-shop.de\/fr\/wp-json\/wp\/v2\/media?parent=586550"}],"wp:term":[{"taxonomy":"product_brand","embeddable":true,"href":"https:\/\/www.arclite-shop.de\/fr\/wp-json\/wp\/v2\/product_brand?post=586550"},{"taxonomy":"product_cat","embeddable":true,"href":"https:\/\/www.arclite-shop.de\/fr\/wp-json\/wp\/v2\/product_cat?post=586550"},{"taxonomy":"product_tag","embeddable":true,"href":"https:\/\/www.arclite-shop.de\/fr\/wp-json\/wp\/v2\/product_tag?post=586550"}],"curies":[{"name":"wp","href":"https:\/\/api.w.org\/{rel}","templated":true}]}}