{"id":586548,"date":"2025-03-20T10:02:15","date_gmt":"2025-03-20T09:02:15","guid":{"rendered":"https:\/\/www.arclite-shop.de\/produkt\/02-4099854096495\/"},"modified":"2026-04-16T10:50:17","modified_gmt":"2026-04-16T08:50:17","slug":"02-4099854096495","status":"publish","type":"product","link":"https:\/\/www.arclite-shop.de\/fr\/produkt\/02-4099854096495\/","title":{"rendered":"Luminaire d\u00e9coratif avec technologie Wi-Fi pour \u00eatre utilis\u00e9 comme lampe de sol ou murale"},"content":{"rendered":"<p>Dekorative Leuchte mit Wifi-Technologie f\u00fcr die Verwendung als Steh- oder Wandleuchte. Produkteigenschaften: Dimmbar. RGB-Farbsteuerung, ca. 16 Mio. Farbm\u00f6glichkeiten einstellbar. Steuerbar mit der LEDVANCE SMART+ App (mit Minimum Android 8.0 oder iOS 14.0). Geeignet als Stehleuchte und zur Wandmontage. Lichtfarbe: Warm Wei\u00df. Musik-Rhythmus-Funktion: Mit Hilfe der Smart Wi-Fi App und integrierten Sprachempf\u00e4ngern reagiert die Leuchte auf Sound und Musik. DIY-Funktion: Die Lichtfarbe l\u00e4sst sich pro Segment einstellen um so individuelle Lichtszenen zu erstellen oder bereits vorhandene Lichtszenen zu verwenden. Netzwerkprotokoll: WiFi. Produktvorteile: Einfache und schnelle Installation. Anwendungsgebiete: Wohnr\u00e4ume. Indirekte Beleuchtung. Gaming-Ecken. Home Entertainment-Bereiche. Technische Ausstattung: F\u00fcr die Steuerung mit der LEDVANCE SMART+ App wird ein Handy oder Tablet (mit Minimum Android 8.0 oder iOS 14.0) ben\u00f6tigt. Vollst\u00e4ndiges Montage- und Anschlusszubeh\u00f6r enthalten.<\/p>\n","protected":false},"excerpt":{"rendered":"<p>Dekorative Leuchte mit Wifi-Technologie f\u00fcr die Verwendung als Steh- oder Wandleuchte. Produkteigenschaften: Dimmbar. RGB-Farbsteuerung, ca. 16 Mio. Farbm\u00f6glichkeiten einstellbar. Steuerbar mit der LEDVANCE SMART+ App (mit Minimum Android 8.0 oder iOS 14.0). Geeignet als Stehleuchte und zur Wandmontage. Lichtfarbe: Warm<span class=\"excerpt-hellip\"> [\u2026]<\/span><\/p>\n","protected":false},"featured_media":589455,"template":"","meta":[],"product_brand":[],"product_cat":[87433],"product_tag":[],"class_list":{"0":"post-586548","1":"product","2":"type-product","3":"status-publish","4":"has-post-thumbnail","6":"product_cat-stehleuchte-ledvance","8":"first","9":"instock","10":"taxable","11":"shipping-taxable","12":"product-type-simple"},"_links":{"self":[{"href":"https:\/\/www.arclite-shop.de\/fr\/wp-json\/wp\/v2\/product\/586548","targetHints":{"allow":["GET"]}}],"collection":[{"href":"https:\/\/www.arclite-shop.de\/fr\/wp-json\/wp\/v2\/product"}],"about":[{"href":"https:\/\/www.arclite-shop.de\/fr\/wp-json\/wp\/v2\/types\/product"}],"wp:featuredmedia":[{"embeddable":true,"href":"https:\/\/www.arclite-shop.de\/fr\/wp-json\/wp\/v2\/media\/589455"}],"wp:attachment":[{"href":"https:\/\/www.arclite-shop.de\/fr\/wp-json\/wp\/v2\/media?parent=586548"}],"wp:term":[{"taxonomy":"product_brand","embeddable":true,"href":"https:\/\/www.arclite-shop.de\/fr\/wp-json\/wp\/v2\/product_brand?post=586548"},{"taxonomy":"product_cat","embeddable":true,"href":"https:\/\/www.arclite-shop.de\/fr\/wp-json\/wp\/v2\/product_cat?post=586548"},{"taxonomy":"product_tag","embeddable":true,"href":"https:\/\/www.arclite-shop.de\/fr\/wp-json\/wp\/v2\/product_tag?post=586548"}],"curies":[{"name":"wp","href":"https:\/\/api.w.org\/{rel}","templated":true}]}}