{"id":586479,"date":"2025-03-20T10:00:35","date_gmt":"2025-03-20T09:00:35","guid":{"rendered":"https:\/\/www.arclite-shop.de\/produkt\/02-4058075601338\/"},"modified":"2026-04-16T11:01:55","modified_gmt":"2026-04-16T09:01:55","slug":"02-4058075601338","status":"publish","type":"product","link":"https:\/\/www.arclite-shop.de\/fr\/produkt\/02-4058075601338\/","title":{"rendered":"Lumi\u00e8res \u00e0 panneaux plats pour montage au plafond"},"content":{"rendered":"<p>Flache Panelleuchten f\u00fcr Deckenanbau. Produkteigenschaften: Deckenleuchte mit fortschrittlicher LED-Technik. Produktvorteile: Sehr homogenes Licht. Schnelle und einfache Montage durch eine Person. Anwendungsgebiete: Nur f\u00fcr Innenraumbeleuchtung. Dekorative Wohnbeleuchtung. Decken. Technische Ausstattung: Vorgefertigtes Montageset, Schrauben und D\u00fcbel werden mitgeliefert.<\/p>\n","protected":false},"excerpt":{"rendered":"<p>Flache Panelleuchten f\u00fcr Deckenanbau. Produkteigenschaften: Deckenleuchte mit fortschrittlicher LED-Technik. Produktvorteile: Sehr homogenes Licht. Schnelle und einfache Montage durch eine Person. Anwendungsgebiete: Nur f\u00fcr Innenraumbeleuchtung. Dekorative Wohnbeleuchtung. Decken. Technische Ausstattung: Vorgefertigtes Montageset, Schrauben und D\u00fcbel werden mitgeliefert.<\/p>\n","protected":false},"featured_media":586809,"template":"","meta":[],"product_brand":[],"product_cat":[87052],"product_tag":[],"class_list":{"0":"post-586479","1":"product","2":"type-product","3":"status-publish","4":"has-post-thumbnail","6":"product_cat-decken-wandleuchte","8":"first","9":"instock","10":"taxable","11":"shipping-taxable","12":"product-type-simple"},"_links":{"self":[{"href":"https:\/\/www.arclite-shop.de\/fr\/wp-json\/wp\/v2\/product\/586479","targetHints":{"allow":["GET"]}}],"collection":[{"href":"https:\/\/www.arclite-shop.de\/fr\/wp-json\/wp\/v2\/product"}],"about":[{"href":"https:\/\/www.arclite-shop.de\/fr\/wp-json\/wp\/v2\/types\/product"}],"wp:featuredmedia":[{"embeddable":true,"href":"https:\/\/www.arclite-shop.de\/fr\/wp-json\/wp\/v2\/media\/586809"}],"wp:attachment":[{"href":"https:\/\/www.arclite-shop.de\/fr\/wp-json\/wp\/v2\/media?parent=586479"}],"wp:term":[{"taxonomy":"product_brand","embeddable":true,"href":"https:\/\/www.arclite-shop.de\/fr\/wp-json\/wp\/v2\/product_brand?post=586479"},{"taxonomy":"product_cat","embeddable":true,"href":"https:\/\/www.arclite-shop.de\/fr\/wp-json\/wp\/v2\/product_cat?post=586479"},{"taxonomy":"product_tag","embeddable":true,"href":"https:\/\/www.arclite-shop.de\/fr\/wp-json\/wp\/v2\/product_tag?post=586479"}],"curies":[{"name":"wp","href":"https:\/\/api.w.org\/{rel}","templated":true}]}}