{"id":586474,"date":"2025-03-20T10:00:30","date_gmt":"2025-03-20T09:00:30","guid":{"rendered":"https:\/\/www.arclite-shop.de\/produkt\/02-4058075575899\/"},"modified":"2026-04-16T11:04:31","modified_gmt":"2026-04-16T09:04:31","slug":"02-4058075575899","status":"publish","type":"product","link":"https:\/\/www.arclite-shop.de\/fr\/produkt\/02-4058075575899\/","title":{"rendered":"Lampes sur pied avec technologie d\u2019\u00e9clairage centr\u00e9 sur l\u2019humain"},"content":{"rendered":"<p>Home Office Beleuchtung mit Human Centric Lighting Technologie. Produkteigenschaften: Farbtemperatur \u00fcber Tunable White einstellbar: 2.200\u20265.000 K. Steuerbar \u00fcber LEDVANCE SMART+ WiFi App (mit mindestens Android\u2122\ufe0f 4.4 oder iOS 10.0). Steuerung \u00fcber Google Assistant oder Amazon Alexa m\u00f6glich. Dimmbar. Innovative Vollspektrum SunLike LEDs mit CRI95. SunLike LEDs mit reduziertem Blaulichtanteil im LED Spektrum. Innovative Leuchten-Beschichtung gegen Haushaltskeime und Ger\u00fcche. Automatische Biorhythmusfunktion. Produktvorteile: Erm\u00f6glichen eine erh\u00f6hte Konzentration und Effizienz. Verbessern das allgemeine Aktivit\u00e4tsniveau und die Wachsamkeit am Tag. Verbessern den Schlafrhythmus und die -intensit\u00e4t. Verbessern den optischen Komfort. Verbessertes Ma\u00df an Reinluftsicherheit durch Abt\u00f6tung von Haushaltskeimen und schlechten Ger\u00fcchen. Homogene Lichtverteilung. Einfache und schnelle Installation. Anwendungsgebiete: Innenraumanwendungen. K\u00fcche, Wohn-, Kinder- oder Arbeitszimmer. Technische Ausstattung: Steuerung \u00fcber App oder Sprachsteuerung erfordert kompatibles Smart-Home-System. F\u00fcr die Steuerung \u00fcber LEDVANCE SMART + WiFi App ist ein Smartphone oder Tablet erforderlich. Vollst\u00e4ndiges Montage- und Anschlusszubeh\u00f6r enthalten.<\/p>\n","protected":false},"excerpt":{"rendered":"<p>Home Office Beleuchtung mit Human Centric Lighting Technologie. Produkteigenschaften: Farbtemperatur \u00fcber Tunable White einstellbar: 2.200\u20265.000 K. Steuerbar \u00fcber LEDVANCE SMART+ WiFi App (mit mindestens Android\u2122\ufe0f 4.4 oder iOS 10.0). Steuerung \u00fcber Google Assistant oder Amazon Alexa m\u00f6glich. Dimmbar. Innovative Vollspektrum<span class=\"excerpt-hellip\"> [\u2026]<\/span><\/p>\n","protected":false},"featured_media":586977,"template":"","meta":[],"product_brand":[],"product_cat":[87433],"product_tag":[],"class_list":{"0":"post-586474","1":"product","2":"type-product","3":"status-publish","4":"has-post-thumbnail","6":"product_cat-stehleuchte-ledvance","8":"first","9":"instock","10":"taxable","11":"shipping-taxable","12":"product-type-simple"},"_links":{"self":[{"href":"https:\/\/www.arclite-shop.de\/fr\/wp-json\/wp\/v2\/product\/586474","targetHints":{"allow":["GET"]}}],"collection":[{"href":"https:\/\/www.arclite-shop.de\/fr\/wp-json\/wp\/v2\/product"}],"about":[{"href":"https:\/\/www.arclite-shop.de\/fr\/wp-json\/wp\/v2\/types\/product"}],"wp:featuredmedia":[{"embeddable":true,"href":"https:\/\/www.arclite-shop.de\/fr\/wp-json\/wp\/v2\/media\/586977"}],"wp:attachment":[{"href":"https:\/\/www.arclite-shop.de\/fr\/wp-json\/wp\/v2\/media?parent=586474"}],"wp:term":[{"taxonomy":"product_brand","embeddable":true,"href":"https:\/\/www.arclite-shop.de\/fr\/wp-json\/wp\/v2\/product_brand?post=586474"},{"taxonomy":"product_cat","embeddable":true,"href":"https:\/\/www.arclite-shop.de\/fr\/wp-json\/wp\/v2\/product_cat?post=586474"},{"taxonomy":"product_tag","embeddable":true,"href":"https:\/\/www.arclite-shop.de\/fr\/wp-json\/wp\/v2\/product_tag?post=586474"}],"curies":[{"name":"wp","href":"https:\/\/api.w.org\/{rel}","templated":true}]}}