{"id":586473,"date":"2025-03-20T10:00:24","date_gmt":"2025-03-20T09:00:24","guid":{"rendered":"https:\/\/www.arclite-shop.de\/produkt\/02-4058075564169\/"},"modified":"2026-04-16T11:04:57","modified_gmt":"2026-04-16T09:04:57","slug":"02-4058075564169","status":"publish","type":"product","link":"https:\/\/www.arclite-shop.de\/fr\/produkt\/02-4058075564169\/","title":{"rendered":"Projecteur solaire avec option de changement de couleur"},"content":{"rendered":"<p>Solarbetriebene Spotleuchte mit Farbwechseloption. Produkteigenschaften: Solarbetriebene LED-Au\u00dfenleuchten. 3 Betriebsarten w\u00e4hlbar. Batterieaufladung mittels Solarzelle. Batterietechnologie: NiMH. Geh\u00e4use aus Edelstahl. Tageslicht-Sensor. Modus 1: 55 lm Dauerlicht (Aktivierung durch 2 Sekunden Knopfdruck auf der R\u00fcckseite). Modus 2: Alternierender RGB Modus (kurzer Knopfdruck wenn in Modus 1). Modus 3: RGB Wunschfarbe einfrieren (Doppelklick wenn in Modus 2 gerade die Wunschfarbe leuchtet). Produktvorteile: Energieeffizient durch LED-Technik. Einfache und schnelle Installation. Einfache Einstellung der Lichtfarbe mittels Druckknopf. Bedarfsgerechte Beleuchtung und Energieeinsparung mittels Tageslichtsensor. Anwendungsgebiete: Au\u00dfenanwendung (IP44). Bereiche, in denen kein Stromanschluss verf\u00fcgbar ist. Technische Ausstattung: Vollst\u00e4ndiges Montage- und Anschlusszubeh\u00f6r enthalten.<\/p>\n","protected":false},"excerpt":{"rendered":"<p>Solarbetriebene Spotleuchte mit Farbwechseloption. Produkteigenschaften: Solarbetriebene LED-Au\u00dfenleuchten. 3 Betriebsarten w\u00e4hlbar. Batterieaufladung mittels Solarzelle. Batterietechnologie: NiMH. Geh\u00e4use aus Edelstahl. Tageslicht-Sensor. Modus 1: 55 lm Dauerlicht (Aktivierung durch 2 Sekunden Knopfdruck auf der R\u00fcckseite). Modus 2: Alternierender RGB Modus (kurzer Knopfdruck wenn<span class=\"excerpt-hellip\"> [\u2026]<\/span><\/p>\n","protected":false},"featured_media":586989,"template":"","meta":[],"product_brand":[],"product_cat":[87053],"product_tag":[],"class_list":{"0":"post-586473","1":"product","2":"type-product","3":"status-publish","4":"has-post-thumbnail","6":"product_cat-downlight-strahler-flutlicht","8":"first","9":"instock","10":"taxable","11":"shipping-taxable","12":"product-type-simple"},"_links":{"self":[{"href":"https:\/\/www.arclite-shop.de\/fr\/wp-json\/wp\/v2\/product\/586473","targetHints":{"allow":["GET"]}}],"collection":[{"href":"https:\/\/www.arclite-shop.de\/fr\/wp-json\/wp\/v2\/product"}],"about":[{"href":"https:\/\/www.arclite-shop.de\/fr\/wp-json\/wp\/v2\/types\/product"}],"wp:featuredmedia":[{"embeddable":true,"href":"https:\/\/www.arclite-shop.de\/fr\/wp-json\/wp\/v2\/media\/586989"}],"wp:attachment":[{"href":"https:\/\/www.arclite-shop.de\/fr\/wp-json\/wp\/v2\/media?parent=586473"}],"wp:term":[{"taxonomy":"product_brand","embeddable":true,"href":"https:\/\/www.arclite-shop.de\/fr\/wp-json\/wp\/v2\/product_brand?post=586473"},{"taxonomy":"product_cat","embeddable":true,"href":"https:\/\/www.arclite-shop.de\/fr\/wp-json\/wp\/v2\/product_cat?post=586473"},{"taxonomy":"product_tag","embeddable":true,"href":"https:\/\/www.arclite-shop.de\/fr\/wp-json\/wp\/v2\/product_tag?post=586473"}],"curies":[{"name":"wp","href":"https:\/\/api.w.org\/{rel}","templated":true}]}}