{"id":586463,"date":"2025-03-20T10:00:21","date_gmt":"2025-03-20T09:00:21","guid":{"rendered":"https:\/\/www.arclite-shop.de\/produkt\/02-4058075554191\/"},"modified":"2026-04-16T11:05:50","modified_gmt":"2026-04-16T09:05:50","slug":"02-4058075554191","status":"publish","type":"product","link":"https:\/\/www.arclite-shop.de\/fr\/produkt\/02-4058075554191\/","title":{"rendered":"Lampes sur pied pour applications de bureau \u00e0 domicile"},"content":{"rendered":"<p>Standleuchten f\u00fcr Homeoffice Anwendungen. Produkteigenschaften: Aluminiumgeh\u00e4use. Standleuchten mit direkter (25 %) und indirekter (75 %) Lichtemission. Direktes\/indirektes Licht gemeinsam gesteuert. Lebensdauer (L70\/B50): 60.000 h (bei 25 \u00b0C). Produktvorteile: Funktionales LEDVANCE SCALE-Design. Hohe Lichthomogenit\u00e4t und blendarmes Licht dank Diffusor. Energiesparend. Leicht zu installieren. Plug-and-Play durch EU- oder CH Stecker. 5 Jahre Garantie. Anwendungsgebiete: Heimarbeitspl\u00e4tze.<\/p>\n","protected":false},"excerpt":{"rendered":"<p>Standleuchten f\u00fcr Homeoffice Anwendungen. Produkteigenschaften: Aluminiumgeh\u00e4use. Standleuchten mit direkter (25 %) und indirekter (75 %) Lichtemission. Direktes\/indirektes Licht gemeinsam gesteuert. Lebensdauer (L70\/B50): 60.000 h (bei 25 \u00b0C). Produktvorteile: Funktionales LEDVANCE SCALE-Design. Hohe Lichthomogenit\u00e4t und blendarmes Licht dank Diffusor. Energiesparend. Leicht<span class=\"excerpt-hellip\"> [\u2026]<\/span><\/p>\n","protected":false},"featured_media":587013,"template":"","meta":[],"product_brand":[],"product_cat":[87433],"product_tag":[],"class_list":{"0":"post-586463","1":"product","2":"type-product","3":"status-publish","4":"has-post-thumbnail","6":"product_cat-stehleuchte-ledvance","8":"first","9":"instock","10":"taxable","11":"shipping-taxable","12":"product-type-simple"},"_links":{"self":[{"href":"https:\/\/www.arclite-shop.de\/fr\/wp-json\/wp\/v2\/product\/586463","targetHints":{"allow":["GET"]}}],"collection":[{"href":"https:\/\/www.arclite-shop.de\/fr\/wp-json\/wp\/v2\/product"}],"about":[{"href":"https:\/\/www.arclite-shop.de\/fr\/wp-json\/wp\/v2\/types\/product"}],"wp:featuredmedia":[{"embeddable":true,"href":"https:\/\/www.arclite-shop.de\/fr\/wp-json\/wp\/v2\/media\/587013"}],"wp:attachment":[{"href":"https:\/\/www.arclite-shop.de\/fr\/wp-json\/wp\/v2\/media?parent=586463"}],"wp:term":[{"taxonomy":"product_brand","embeddable":true,"href":"https:\/\/www.arclite-shop.de\/fr\/wp-json\/wp\/v2\/product_brand?post=586463"},{"taxonomy":"product_cat","embeddable":true,"href":"https:\/\/www.arclite-shop.de\/fr\/wp-json\/wp\/v2\/product_cat?post=586463"},{"taxonomy":"product_tag","embeddable":true,"href":"https:\/\/www.arclite-shop.de\/fr\/wp-json\/wp\/v2\/product_tag?post=586463"}],"curies":[{"name":"wp","href":"https:\/\/api.w.org\/{rel}","templated":true}]}}