{"id":586420,"date":"2025-03-20T10:00:07","date_gmt":"2025-03-20T09:00:07","guid":{"rendered":"https:\/\/www.arclite-shop.de\/produkt\/02-4058075504363\/"},"modified":"2026-04-16T11:08:19","modified_gmt":"2026-04-16T09:08:19","slug":"02-4058075504363","status":"publish","type":"product","link":"https:\/\/www.arclite-shop.de\/fr\/produkt\/02-4058075504363\/","title":{"rendered":"Luminaire pour montage flexible avec dispositif suspendu, rechargeable via USB"},"content":{"rendered":"<p>Leuchte f\u00fcr flexible Montage mit H\u00e4ngevorrichtung, wiederaufladbar per USB. Produkteigenschaften: Integrierter Lithium-Akku, aufladbar \u00fcber USB-Kabel. Licht durch Schalter oder Bewegung innerhalb von 3 Metern aktiviert. Produktvorteile: Attraktives und funktionales Design. Einfache und schnelle Installation. Anwendungsgebiete: Erschliessen ein sehr weites Einsatzspektrum. Nur f\u00fcr Innenraumbeleuchtung. Regale, M\u00f6belintegration oder Unterbau. Technische Ausstattung: Vollst\u00e4ndiges Montage- und Anschlusszubeh\u00f6r enthalten.<\/p>\n","protected":false},"excerpt":{"rendered":"<p>Leuchte f\u00fcr flexible Montage mit H\u00e4ngevorrichtung, wiederaufladbar per USB. Produkteigenschaften: Integrierter Lithium-Akku, aufladbar \u00fcber USB-Kabel. Licht durch Schalter oder Bewegung innerhalb von 3 Metern aktiviert. Produktvorteile: Attraktives und funktionales Design. Einfache und schnelle Installation. Anwendungsgebiete: Erschliessen ein sehr weites Einsatzspektrum.<span class=\"excerpt-hellip\"> [\u2026]<\/span><\/p>\n","protected":false},"featured_media":587065,"template":"","meta":[],"product_brand":[],"product_cat":[87052],"product_tag":[],"class_list":{"0":"post-586420","1":"product","2":"type-product","3":"status-publish","4":"has-post-thumbnail","6":"product_cat-decken-wandleuchte","8":"first","9":"instock","10":"taxable","11":"shipping-taxable","12":"product-type-simple"},"_links":{"self":[{"href":"https:\/\/www.arclite-shop.de\/fr\/wp-json\/wp\/v2\/product\/586420","targetHints":{"allow":["GET"]}}],"collection":[{"href":"https:\/\/www.arclite-shop.de\/fr\/wp-json\/wp\/v2\/product"}],"about":[{"href":"https:\/\/www.arclite-shop.de\/fr\/wp-json\/wp\/v2\/types\/product"}],"wp:featuredmedia":[{"embeddable":true,"href":"https:\/\/www.arclite-shop.de\/fr\/wp-json\/wp\/v2\/media\/587065"}],"wp:attachment":[{"href":"https:\/\/www.arclite-shop.de\/fr\/wp-json\/wp\/v2\/media?parent=586420"}],"wp:term":[{"taxonomy":"product_brand","embeddable":true,"href":"https:\/\/www.arclite-shop.de\/fr\/wp-json\/wp\/v2\/product_brand?post=586420"},{"taxonomy":"product_cat","embeddable":true,"href":"https:\/\/www.arclite-shop.de\/fr\/wp-json\/wp\/v2\/product_cat?post=586420"},{"taxonomy":"product_tag","embeddable":true,"href":"https:\/\/www.arclite-shop.de\/fr\/wp-json\/wp\/v2\/product_tag?post=586420"}],"curies":[{"name":"wp","href":"https:\/\/api.w.org\/{rel}","templated":true}]}}