{"id":586407,"date":"2025-03-20T09:59:58","date_gmt":"2025-03-20T08:59:58","guid":{"rendered":"https:\/\/www.arclite-shop.de\/produkt\/02-4058075478275\/"},"modified":"2026-04-16T11:10:09","modified_gmt":"2026-04-16T09:10:09","slug":"02-4058075478275","status":"publish","type":"product","link":"https:\/\/www.arclite-shop.de\/fr\/produkt\/02-4058075478275\/","title":{"rendered":"Luminaires avec technologie WiFi"},"content":{"rendered":"<p>Leuchten mit WiFi-Technologie. Produkteigenschaften: Steuerbar \u00fcber LEDVANCE SMART+ WiFi App (mit mindestens Android\u2122\ufe0f 4.4 oder iOS 10.0). Steuerung \u00fcber Google Assistant oder Amazon Alexa m\u00f6glich. RGB-Farbsteuerung, ca. 16 Mio. Farbm\u00f6glichkeiten einstellbar. Dimmbar. Farbtemperatur: 3.000 K (Warm White). Netzwerkprotokoll: WiFi. Schutzart: IP44. Produktvorteile: Einfache und schnelle Installation. Farbenreiche Gartenbeleuchtung mit smarten Steuerungsm\u00f6glichkeiten. Anwendungsgebiete: Allgemeinbeleuchtung. G\u00e4rten. Terrassen, Balkone. Technische Ausstattung: Inklusive Montageschrauben und D\u00fcbel. Steuerung \u00fcber App oder Sprachsteuerung erfordert kompatibles Smart-Home-System. F\u00fcr die Steuerung \u00fcber LEDVANCE SMART + WiFi App ist ein Smartphone oder Tablet erforderlich.<\/p>\n","protected":false},"excerpt":{"rendered":"<p>Leuchten mit WiFi-Technologie. Produkteigenschaften: Steuerbar \u00fcber LEDVANCE SMART+ WiFi App (mit mindestens Android\u2122\ufe0f 4.4 oder iOS 10.0). Steuerung \u00fcber Google Assistant oder Amazon Alexa m\u00f6glich. RGB-Farbsteuerung, ca. 16 Mio. Farbm\u00f6glichkeiten einstellbar. Dimmbar. Farbtemperatur: 3.000 K (Warm White). Netzwerkprotokoll: WiFi. Schutzart:<span class=\"excerpt-hellip\"> [\u2026]<\/span><\/p>\n","protected":false},"featured_media":587105,"template":"","meta":[],"product_brand":[],"product_cat":[87052],"product_tag":[],"class_list":{"0":"post-586407","1":"product","2":"type-product","3":"status-publish","4":"has-post-thumbnail","6":"product_cat-decken-wandleuchte","8":"first","9":"instock","10":"taxable","11":"shipping-taxable","12":"product-type-simple"},"_links":{"self":[{"href":"https:\/\/www.arclite-shop.de\/fr\/wp-json\/wp\/v2\/product\/586407","targetHints":{"allow":["GET"]}}],"collection":[{"href":"https:\/\/www.arclite-shop.de\/fr\/wp-json\/wp\/v2\/product"}],"about":[{"href":"https:\/\/www.arclite-shop.de\/fr\/wp-json\/wp\/v2\/types\/product"}],"wp:featuredmedia":[{"embeddable":true,"href":"https:\/\/www.arclite-shop.de\/fr\/wp-json\/wp\/v2\/media\/587105"}],"wp:attachment":[{"href":"https:\/\/www.arclite-shop.de\/fr\/wp-json\/wp\/v2\/media?parent=586407"}],"wp:term":[{"taxonomy":"product_brand","embeddable":true,"href":"https:\/\/www.arclite-shop.de\/fr\/wp-json\/wp\/v2\/product_brand?post=586407"},{"taxonomy":"product_cat","embeddable":true,"href":"https:\/\/www.arclite-shop.de\/fr\/wp-json\/wp\/v2\/product_cat?post=586407"},{"taxonomy":"product_tag","embeddable":true,"href":"https:\/\/www.arclite-shop.de\/fr\/wp-json\/wp\/v2\/product_tag?post=586407"}],"curies":[{"name":"wp","href":"https:\/\/api.w.org\/{rel}","templated":true}]}}