{"id":586396,"date":"2025-03-20T09:59:55","date_gmt":"2025-03-20T08:59:55","guid":{"rendered":"https:\/\/www.arclite-shop.de\/produkt\/02-4058075470712\/"},"modified":"2026-04-16T11:10:34","modified_gmt":"2026-04-16T09:10:34","slug":"02-4058075470712","status":"publish","type":"product","link":"https:\/\/www.arclite-shop.de\/fr\/produkt\/02-4058075470712\/","title":{"rendered":"Lampes \u00e0 panneaux sans cadre pour montage mural et au plafond"},"content":{"rendered":"<p>Rahmenlose Panelleuchten f\u00fcr Wand- und Deckenanbau. Produkteigenschaften: Deckenleuchte mit fortschrittlicher LED-Technik. Verf\u00fcgbar in quadratischer und rechteckiger Form. Farbtemperatur: 3.000 K. Aluminiumgeh\u00e4use, mattiertem PMMA-Diffuser. Produktvorteile: Homogene Lichtverteilung. Einfache und schnelle Installation. Anwendungsgebiete: Innenraumanwendungen. Dekorative Wohnbeleuchtung. Wand- und Deckenanbau. Technische Ausstattung: Vollst\u00e4ndiges Montage- und Anschlusszubeh\u00f6r enthalten. Treiber inbegriffen.<\/p>\n","protected":false},"excerpt":{"rendered":"<p>Rahmenlose Panelleuchten f\u00fcr Wand- und Deckenanbau. Produkteigenschaften: Deckenleuchte mit fortschrittlicher LED-Technik. Verf\u00fcgbar in quadratischer und rechteckiger Form. Farbtemperatur: 3.000 K. Aluminiumgeh\u00e4use, mattiertem PMMA-Diffuser. Produktvorteile: Homogene Lichtverteilung. Einfache und schnelle Installation. Anwendungsgebiete: Innenraumanwendungen. Dekorative Wohnbeleuchtung. Wand- und Deckenanbau. Technische Ausstattung: Vollst\u00e4ndiges<span class=\"excerpt-hellip\"> [\u2026]<\/span><\/p>\n","protected":false},"featured_media":587117,"template":"","meta":[],"product_brand":[],"product_cat":[87052],"product_tag":[],"class_list":{"0":"post-586396","1":"product","2":"type-product","3":"status-publish","4":"has-post-thumbnail","6":"product_cat-decken-wandleuchte","8":"first","9":"instock","10":"taxable","11":"shipping-taxable","12":"product-type-simple"},"_links":{"self":[{"href":"https:\/\/www.arclite-shop.de\/fr\/wp-json\/wp\/v2\/product\/586396","targetHints":{"allow":["GET"]}}],"collection":[{"href":"https:\/\/www.arclite-shop.de\/fr\/wp-json\/wp\/v2\/product"}],"about":[{"href":"https:\/\/www.arclite-shop.de\/fr\/wp-json\/wp\/v2\/types\/product"}],"wp:featuredmedia":[{"embeddable":true,"href":"https:\/\/www.arclite-shop.de\/fr\/wp-json\/wp\/v2\/media\/587117"}],"wp:attachment":[{"href":"https:\/\/www.arclite-shop.de\/fr\/wp-json\/wp\/v2\/media?parent=586396"}],"wp:term":[{"taxonomy":"product_brand","embeddable":true,"href":"https:\/\/www.arclite-shop.de\/fr\/wp-json\/wp\/v2\/product_brand?post=586396"},{"taxonomy":"product_cat","embeddable":true,"href":"https:\/\/www.arclite-shop.de\/fr\/wp-json\/wp\/v2\/product_cat?post=586396"},{"taxonomy":"product_tag","embeddable":true,"href":"https:\/\/www.arclite-shop.de\/fr\/wp-json\/wp\/v2\/product_tag?post=586396"}],"curies":[{"name":"wp","href":"https:\/\/api.w.org\/{rel}","templated":true}]}}