{"id":586314,"date":"2025-03-20T09:59:28","date_gmt":"2025-03-20T08:59:28","guid":{"rendered":"https:\/\/www.arclite-shop.de\/produkt\/02-4058075266902\/"},"modified":"2026-04-16T11:11:12","modified_gmt":"2026-04-16T09:11:12","slug":"02-4058075266902","status":"publish","type":"product","link":"https:\/\/www.arclite-shop.de\/fr\/produkt\/02-4058075266902\/","title":{"rendered":"Veilleuses sur pi\u00e9destal avec sortie USB et option plateau pour t\u00e9l\u00e9phone portable"},"content":{"rendered":"<p>Sockel-Nachtlichter mit USB-Ausgang und Handyablage M\u00f6glichkeit. Produkteigenschaften: Micro-USB-Buchse mit Ladefunktion. Integrierte Handyablage-M\u00f6glichkeit auf der R\u00fcckseite. Integrierter Tag-\/Nacht-Sensor. Produktvorteile: Automatisches Ein- und Ausschalten abh\u00e4ngig vom Tageslicht. Plug-and-Play durch EU-Stecker. Energieeffizient durch LED-Technik. Anwendungsgebiete: Schlafzimmer. Kinderschlafzimmer. Nur f\u00fcr Innenraumbeleuchtung.<\/p>\n","protected":false},"excerpt":{"rendered":"<p>Sockel-Nachtlichter mit USB-Ausgang und Handyablage M\u00f6glichkeit. Produkteigenschaften: Micro-USB-Buchse mit Ladefunktion. Integrierte Handyablage-M\u00f6glichkeit auf der R\u00fcckseite. Integrierter Tag-\/Nacht-Sensor. Produktvorteile: Automatisches Ein- und Ausschalten abh\u00e4ngig vom Tageslicht. Plug-and-Play durch EU-Stecker. Energieeffizient durch LED-Technik. Anwendungsgebiete: Schlafzimmer. Kinderschlafzimmer. Nur f\u00fcr Innenraumbeleuchtung.<\/p>\n","protected":false},"featured_media":589705,"template":"","meta":[],"product_brand":[],"product_cat":[87155],"product_tag":[],"class_list":{"0":"post-586314","1":"product","2":"type-product","3":"status-publish","4":"has-post-thumbnail","6":"product_cat-nachtlicht","8":"first","9":"instock","10":"taxable","11":"shipping-taxable","12":"product-type-simple"},"_links":{"self":[{"href":"https:\/\/www.arclite-shop.de\/fr\/wp-json\/wp\/v2\/product\/586314","targetHints":{"allow":["GET"]}}],"collection":[{"href":"https:\/\/www.arclite-shop.de\/fr\/wp-json\/wp\/v2\/product"}],"about":[{"href":"https:\/\/www.arclite-shop.de\/fr\/wp-json\/wp\/v2\/types\/product"}],"wp:featuredmedia":[{"embeddable":true,"href":"https:\/\/www.arclite-shop.de\/fr\/wp-json\/wp\/v2\/media\/589705"}],"wp:attachment":[{"href":"https:\/\/www.arclite-shop.de\/fr\/wp-json\/wp\/v2\/media?parent=586314"}],"wp:term":[{"taxonomy":"product_brand","embeddable":true,"href":"https:\/\/www.arclite-shop.de\/fr\/wp-json\/wp\/v2\/product_brand?post=586314"},{"taxonomy":"product_cat","embeddable":true,"href":"https:\/\/www.arclite-shop.de\/fr\/wp-json\/wp\/v2\/product_cat?post=586314"},{"taxonomy":"product_tag","embeddable":true,"href":"https:\/\/www.arclite-shop.de\/fr\/wp-json\/wp\/v2\/product_tag?post=586314"}],"curies":[{"name":"wp","href":"https:\/\/api.w.org\/{rel}","templated":true}]}}