{"id":586299,"date":"2025-03-20T09:59:22","date_gmt":"2025-03-20T08:59:22","guid":{"rendered":"https:\/\/www.arclite-shop.de\/produkt\/02-4058075213937\/"},"modified":"2026-04-16T11:12:13","modified_gmt":"2026-04-16T09:12:13","slug":"02-4058075213937","status":"publish","type":"product","link":"https:\/\/www.arclite-shop.de\/fr\/produkt\/02-4058075213937\/","title":{"rendered":"Lampe de travail LED polyvalente avec tr\u00e9pied"},"content":{"rendered":"<p>Vielseitiges LED-Arbeitslicht mit Stativ. Produkteigenschaften: Verf\u00fcgbar mit 1 oder 2 Leuchtenk\u00f6pfen. Rotationswinkel Leuchtenkopf: 360\u00b0, Schwenkwinkel: 180\u00b0. Schutzart, Leuchtenkopf und -geh\u00e4use: IP65, Schutzart, Stecker: IP44. Stativ h\u00f6henverstellbar bis zu 1.8 m Gesamth\u00f6he. Schnellverschlu\u00df zur Verstellung des Leuchtenkopfwinkels. Stecker Typ E\/F. Produktvorteile: F\u00fcr einfache Lagerung zusammenklappbar. Energieersparnis von bis zu 80 % verglichen mit Halogenlampen-Arbeitsleuchten. Teilmattierte Abdeckung aus geh\u00e4rtetem Glas, f\u00fcr eine gleichm\u00e4\u00dfige Beleuchtung. Anwendungsgebiete: Renovierung. Garagen. Keller. Werkstatt. Technische Ausstattung: Vollst\u00e4ndiges Montage- und Anschlusszubeh\u00f6r enthalten.<\/p>\n","protected":false},"excerpt":{"rendered":"<p>Vielseitiges LED-Arbeitslicht mit Stativ. Produkteigenschaften: Verf\u00fcgbar mit 1 oder 2 Leuchtenk\u00f6pfen. Rotationswinkel Leuchtenkopf: 360\u00b0, Schwenkwinkel: 180\u00b0. Schutzart, Leuchtenkopf und -geh\u00e4use: IP65, Schutzart, Stecker: IP44. Stativ h\u00f6henverstellbar bis zu 1.8 m Gesamth\u00f6he. Schnellverschlu\u00df zur Verstellung des Leuchtenkopfwinkels. Stecker Typ E\/F. Produktvorteile:<span class=\"excerpt-hellip\"> [\u2026]<\/span><\/p>\n","protected":false},"featured_media":589737,"template":"","meta":[],"product_brand":[],"product_cat":[87053],"product_tag":[],"class_list":{"0":"post-586299","1":"product","2":"type-product","3":"status-publish","4":"has-post-thumbnail","6":"product_cat-downlight-strahler-flutlicht","8":"first","9":"instock","10":"taxable","11":"shipping-taxable","12":"product-type-simple"},"_links":{"self":[{"href":"https:\/\/www.arclite-shop.de\/fr\/wp-json\/wp\/v2\/product\/586299","targetHints":{"allow":["GET"]}}],"collection":[{"href":"https:\/\/www.arclite-shop.de\/fr\/wp-json\/wp\/v2\/product"}],"about":[{"href":"https:\/\/www.arclite-shop.de\/fr\/wp-json\/wp\/v2\/types\/product"}],"wp:featuredmedia":[{"embeddable":true,"href":"https:\/\/www.arclite-shop.de\/fr\/wp-json\/wp\/v2\/media\/589737"}],"wp:attachment":[{"href":"https:\/\/www.arclite-shop.de\/fr\/wp-json\/wp\/v2\/media?parent=586299"}],"wp:term":[{"taxonomy":"product_brand","embeddable":true,"href":"https:\/\/www.arclite-shop.de\/fr\/wp-json\/wp\/v2\/product_brand?post=586299"},{"taxonomy":"product_cat","embeddable":true,"href":"https:\/\/www.arclite-shop.de\/fr\/wp-json\/wp\/v2\/product_cat?post=586299"},{"taxonomy":"product_tag","embeddable":true,"href":"https:\/\/www.arclite-shop.de\/fr\/wp-json\/wp\/v2\/product_tag?post=586299"}],"curies":[{"name":"wp","href":"https:\/\/api.w.org\/{rel}","templated":true}]}}