{"id":585470,"date":"2025-03-20T09:54:57","date_gmt":"2025-03-20T08:54:57","guid":{"rendered":"https:\/\/www.arclite-shop.de\/produkt\/476-ah41625-01-94\/"},"modified":"2026-04-16T12:18:59","modified_gmt":"2026-04-16T10:18:59","slug":"476-ah41625-01-94","status":"publish","type":"product","link":"https:\/\/www.arclite-shop.de\/fr\/produkt\/476-ah41625-01-94\/","title":{"rendered":"roundVISION 90 - Luminaires ronds encastr\u00e9s argent\u00e9s \u00e0 pivots pivotants  19W 24\u00b0 3500K CRI92 476-AH41625.01.94"},"content":{"rendered":"<p>Vielseitig und flexibel einsetzbare LED-Einbauleuchte, ausschwenkbar. Hocheffizienter, segmentierter Reflektor. Klares Schutzglas. Drehbereich 355\u00b0. Ausschwenkbereich 70\u00b0. Farbtoleranz 2 SDCM. Lichtstromr\u00fcckgang nach 66.000h L90\/B10. Geeignet f\u00fcr Deckenst\u00e4rke 1 &#8211; 25 mm. Separates, nicht dimmbares Betriebsger\u00e4t. <\/p>\n","protected":false},"excerpt":{"rendered":"<p>Vielseitig und flexibel einsetzbare LED-Einbauleuchte, ausschwenkbar. Hocheffizienter, segmentierter Reflektor. Klares Schutzglas. Drehbereich 355\u00b0. Ausschwenkbereich 70\u00b0. Farbtoleranz 2 SDCM. Lichtstromr\u00fcckgang nach 66.000h L90\/B10. Geeignet f\u00fcr Deckenst\u00e4rke 1 &#8211; 25 mm. Separates, nicht dimmbares Betriebsger\u00e4t.<\/p>\n","protected":false},"featured_media":368046,"template":"","meta":[],"product_brand":[],"product_cat":[85643],"product_tag":[],"class_list":{"0":"post-585470","1":"product","2":"type-product","3":"status-publish","4":"has-post-thumbnail","6":"product_cat-runde-einbauleuchten-dreh-ausschwenkbar","8":"first","9":"instock","10":"taxable","11":"shipping-taxable","12":"product-type-simple"},"_links":{"self":[{"href":"https:\/\/www.arclite-shop.de\/fr\/wp-json\/wp\/v2\/product\/585470","targetHints":{"allow":["GET"]}}],"collection":[{"href":"https:\/\/www.arclite-shop.de\/fr\/wp-json\/wp\/v2\/product"}],"about":[{"href":"https:\/\/www.arclite-shop.de\/fr\/wp-json\/wp\/v2\/types\/product"}],"wp:featuredmedia":[{"embeddable":true,"href":"https:\/\/www.arclite-shop.de\/fr\/wp-json\/wp\/v2\/media\/368046"}],"wp:attachment":[{"href":"https:\/\/www.arclite-shop.de\/fr\/wp-json\/wp\/v2\/media?parent=585470"}],"wp:term":[{"taxonomy":"product_brand","embeddable":true,"href":"https:\/\/www.arclite-shop.de\/fr\/wp-json\/wp\/v2\/product_brand?post=585470"},{"taxonomy":"product_cat","embeddable":true,"href":"https:\/\/www.arclite-shop.de\/fr\/wp-json\/wp\/v2\/product_cat?post=585470"},{"taxonomy":"product_tag","embeddable":true,"href":"https:\/\/www.arclite-shop.de\/fr\/wp-json\/wp\/v2\/product_tag?post=585470"}],"curies":[{"name":"wp","href":"https:\/\/api.w.org\/{rel}","templated":true}]}}