{"id":359555,"date":"2024-11-14T17:51:03","date_gmt":"2024-11-14T16:51:03","guid":{"rendered":"https:\/\/www.arclite-shop.de\/produkt\/02-4099854103582\/"},"modified":"2026-04-27T12:10:15","modified_gmt":"2026-04-27T10:10:15","slug":"02-4099854103582","status":"publish","type":"product","link":"https:\/\/www.arclite-shop.de\/fr\/produkt\/02-4099854103582\/","title":{"rendered":"Lampes r\u00e9flectrices LED basse tension MR16 avec prise r\u00e9trofit"},"content":{"rendered":"<p>Niedervolt-LED-Reflektorlampen MR16 mit Retrofit-Stecksockel. Produkteigenschaften: LED-Alternative zu Niedervolthalogenlampen. Hohe Farbkonsistenz: \u2264 6 SDCM (Schwellwerteinheit). Nicht dimmbar. Sockel: GU5.3. Lampe aus Glas. Gute Lichtqualit\u00e4t; Farbwiedergabeindex Ra: \u2265 80. Lebensdauer: bis zu 15.000 h. Produktvorteile: Einfacher, schneller und sicherer Lampenaustausch ohne Umverdrahtung. Design, Abmessungen, Lichtstrom vergleichbar mit einer Gl\u00fch- oder Halogenlampe. Geringer Wartungsaufwand durch lange Lebensdauer. Keine UV- und IR-nahen Anteile im Lichtstrahl. Sofort 100 % Licht, keine Aufw\u00e4rmzeit. Anwendungsgebiete: Verkaufs- und Ausstellungsr\u00e4ume. Anwendungen im Haushalt. Anwendung im Gewerbe. Akzentbeleuchtung. Einsatz im Au\u00dfenbereich nur in geeigneten Au\u00dfenleuchten. Technische Ausstattung: Best\u00fcckt mit High-Power-LED.<\/p>\n","protected":false},"excerpt":{"rendered":"<p>Niedervolt-LED-Reflektorlampen MR16 mit Retrofit-Stecksockel. Produkteigenschaften: LED-Alternative zu Niedervolthalogenlampen. Hohe Farbkonsistenz: \u2264 6 SDCM (Schwellwerteinheit). Nicht dimmbar. Sockel: GU5.3. Lampe aus Glas. Gute Lichtqualit\u00e4t; Farbwiedergabeindex Ra: \u2265 80. Lebensdauer: bis zu 15.000 h. Produktvorteile: Einfacher, schneller und sicherer Lampenaustausch ohne Umverdrahtung.<span class=\"excerpt-hellip\"> [\u2026]<\/span><\/p>\n","protected":false},"featured_media":363591,"template":"","meta":[],"product_brand":[],"product_cat":[87060],"product_tag":[],"class_list":{"0":"post-359555","1":"product","2":"type-product","3":"status-publish","4":"has-post-thumbnail","6":"product_cat-led-lampe-multi-led","8":"first","9":"instock","10":"taxable","11":"shipping-taxable","12":"product-type-simple"},"_links":{"self":[{"href":"https:\/\/www.arclite-shop.de\/fr\/wp-json\/wp\/v2\/product\/359555","targetHints":{"allow":["GET"]}}],"collection":[{"href":"https:\/\/www.arclite-shop.de\/fr\/wp-json\/wp\/v2\/product"}],"about":[{"href":"https:\/\/www.arclite-shop.de\/fr\/wp-json\/wp\/v2\/types\/product"}],"wp:featuredmedia":[{"embeddable":true,"href":"https:\/\/www.arclite-shop.de\/fr\/wp-json\/wp\/v2\/media\/363591"}],"wp:attachment":[{"href":"https:\/\/www.arclite-shop.de\/fr\/wp-json\/wp\/v2\/media?parent=359555"}],"wp:term":[{"taxonomy":"product_brand","embeddable":true,"href":"https:\/\/www.arclite-shop.de\/fr\/wp-json\/wp\/v2\/product_brand?post=359555"},{"taxonomy":"product_cat","embeddable":true,"href":"https:\/\/www.arclite-shop.de\/fr\/wp-json\/wp\/v2\/product_cat?post=359555"},{"taxonomy":"product_tag","embeddable":true,"href":"https:\/\/www.arclite-shop.de\/fr\/wp-json\/wp\/v2\/product_tag?post=359555"}],"curies":[{"name":"wp","href":"https:\/\/api.w.org\/{rel}","templated":true}]}}