{"id":359494,"date":"2024-11-14T17:49:59","date_gmt":"2024-11-14T16:49:59","guid":{"rendered":"https:\/\/www.arclite-shop.de\/produkt\/02-4058075296428\/"},"modified":"2026-04-16T13:54:22","modified_gmt":"2026-04-16T11:54:22","slug":"02-4058075296428","status":"publish","type":"product","link":"https:\/\/www.arclite-shop.de\/fr\/produkt\/02-4058075296428\/","title":{"rendered":"Des bandes LED prot\u00e9g\u00e9es IP65 avec 1000 lm\/m pour de nombreuses applications"},"content":{"rendered":"<p>IP65 gesch\u00fctzte LED-B\u00e4nder mit 1000 lm\/m f\u00fcr viele Anwendungen. Produkteigenschaften: Flexibles und teilbares LED-Band. Kleinste teilbare Einheit: 100 mm. Lebensdauer (L70\/B50): bis zu 20.000 h bei Tc max.: 65\u00b0C. Lichtstrom: 1000 lm\/m. Farbwiedergabeindex Ra: &gt; 80. Verf\u00fcgbar in Farbtemperatur:Warmwei\u00df, Wei\u00df, Tageslicht. Schutzart: IP65. Dimmbar mit geeigneten Treibern, siehe auchwww.ledvance.de\/dim). Produktvorteile: Gro\u00dfe Designfreiheit dank langer, flexible LED-Lichtb\u00e4nder. Einfache Montage an vielen glatten Oberfl\u00e4chen durch selbstklebendes Klebeband. Geeignet f\u00fcr Verwendung in feuchten Umgebungen dank hoher Schutzart. Maximale Flexibilit\u00e4t dank gro\u00dfer Auswahl an Zubeh\u00f6r. Einfacher Anschluss durch beidseitig integrierte Kabel. Anwendungsgebiete: Allgemeine Innenbeleuchtung. Allgemeine Au\u00dfenbeleuchtung. Private Wohnbereiche. Technische Ausstattung: Endkappen m\u00fcssen separat bestellt werden.<\/p>\n","protected":false},"excerpt":{"rendered":"<p>IP65 gesch\u00fctzte LED-B\u00e4nder mit 1000 lm\/m f\u00fcr viele Anwendungen. Produkteigenschaften: Flexibles und teilbares LED-Band. Kleinste teilbare Einheit: 100 mm. Lebensdauer (L70\/B50): bis zu 20.000 h bei Tc max.: 65\u00b0C. Lichtstrom: 1000 lm\/m. Farbwiedergabeindex Ra: &gt; 80. Verf\u00fcgbar in Farbtemperatur:Warmwei\u00df, Wei\u00df,<span class=\"excerpt-hellip\"> [\u2026]<\/span><\/p>\n","protected":false},"featured_media":363774,"template":"","meta":[],"product_brand":[],"product_cat":[87128],"product_tag":[],"class_list":{"0":"post-359494","1":"product","2":"type-product","3":"status-publish","4":"has-post-thumbnail","6":"product_cat-lichtschlauch-band","8":"first","9":"instock","10":"taxable","11":"shipping-taxable","12":"product-type-simple"},"_links":{"self":[{"href":"https:\/\/www.arclite-shop.de\/fr\/wp-json\/wp\/v2\/product\/359494","targetHints":{"allow":["GET"]}}],"collection":[{"href":"https:\/\/www.arclite-shop.de\/fr\/wp-json\/wp\/v2\/product"}],"about":[{"href":"https:\/\/www.arclite-shop.de\/fr\/wp-json\/wp\/v2\/types\/product"}],"wp:featuredmedia":[{"embeddable":true,"href":"https:\/\/www.arclite-shop.de\/fr\/wp-json\/wp\/v2\/media\/363774"}],"wp:attachment":[{"href":"https:\/\/www.arclite-shop.de\/fr\/wp-json\/wp\/v2\/media?parent=359494"}],"wp:term":[{"taxonomy":"product_brand","embeddable":true,"href":"https:\/\/www.arclite-shop.de\/fr\/wp-json\/wp\/v2\/product_brand?post=359494"},{"taxonomy":"product_cat","embeddable":true,"href":"https:\/\/www.arclite-shop.de\/fr\/wp-json\/wp\/v2\/product_cat?post=359494"},{"taxonomy":"product_tag","embeddable":true,"href":"https:\/\/www.arclite-shop.de\/fr\/wp-json\/wp\/v2\/product_tag?post=359494"}],"curies":[{"name":"wp","href":"https:\/\/api.w.org\/{rel}","templated":true}]}}