{"id":359453,"date":"2024-11-14T17:49:16","date_gmt":"2024-11-14T16:49:16","guid":{"rendered":"https:\/\/www.arclite-shop.de\/produkt\/02-4099854094224\/"},"modified":"2026-04-16T14:13:29","modified_gmt":"2026-04-16T12:13:29","slug":"02-4099854094224","status":"publish","type":"product","link":"https:\/\/www.arclite-shop.de\/fr\/produkt\/02-4099854094224\/","title":{"rendered":"Lampes LED sp\u00e9ciales avec d\u00e9tecteur de mouvement et capteur de lumi\u00e8re du jour int\u00e9gr\u00e9, forme classique d\u2019ampoule"},"content":{"rendered":"<p>LED-Speziallampen mit Bewegungssensor, klassische Kolbenform. Produkteigenschaften: LED-Alternative zu konventionellen Lampen. Hohe Farbkonsistenz: \u2264 6 SDCM (Schwellwerteinheit). Quecksilberfreie Lampen. Bewegungserfassung bis zu 3 Metern und 90\u00b0. Der integrierte Microwave sensor kann auch kleine Bewegungen durch Plastik- und Glasabdeckungen erkennen. Produktvorteile: Kurze Amortisationszeit dank geringem Energieverbrauch und niedrigen Wartungskosten. Energiesparende Beleuchtungsl\u00f6sung dank automatischem Ausschalten bei Tageslicht. Sehr lange Lebensdauer von bis zu 25.000 h. Automatische Lichtabschaltung 30 Sekunden nach der letzten Bewegungserfassung. Beleuchtungsschwellenwert f\u00fcr automatisches An\/Aus-Schalten: 20 lx. Geringer Energieverbrauch. Einfacher Ersatz von klassischen Lampen dank kompaktem Design. Sofort 100 % Licht, keine Aufw\u00e4rmzeit. Anwendungsgebiete: Treppenhaus, Flur, Keller und Eingangsbereich. Die Lampe soll sich nur einschalten wenn Bewegung erfasst wird und Umgebung dunkel ist. Einsatz im Au\u00dfenbereich nur in geeigneten Au\u00dfenleuchten.<\/p>\n","protected":false},"excerpt":{"rendered":"<p>LED-Speziallampen mit Bewegungssensor, klassische Kolbenform. Produkteigenschaften: LED-Alternative zu konventionellen Lampen. Hohe Farbkonsistenz: \u2264 6 SDCM (Schwellwerteinheit). Quecksilberfreie Lampen. Bewegungserfassung bis zu 3 Metern und 90\u00b0. Der integrierte Microwave sensor kann auch kleine Bewegungen durch Plastik- und Glasabdeckungen erkennen. Produktvorteile: Kurze<span class=\"excerpt-hellip\"> [\u2026]<\/span><\/p>\n","protected":false},"featured_media":363752,"template":"","meta":[],"product_brand":[],"product_cat":[87060],"product_tag":[],"class_list":{"0":"post-359453","1":"product","2":"type-product","3":"status-publish","4":"has-post-thumbnail","6":"product_cat-led-lampe-multi-led","8":"first","9":"instock","10":"taxable","11":"shipping-taxable","12":"product-type-simple"},"_links":{"self":[{"href":"https:\/\/www.arclite-shop.de\/fr\/wp-json\/wp\/v2\/product\/359453","targetHints":{"allow":["GET"]}}],"collection":[{"href":"https:\/\/www.arclite-shop.de\/fr\/wp-json\/wp\/v2\/product"}],"about":[{"href":"https:\/\/www.arclite-shop.de\/fr\/wp-json\/wp\/v2\/types\/product"}],"wp:featuredmedia":[{"embeddable":true,"href":"https:\/\/www.arclite-shop.de\/fr\/wp-json\/wp\/v2\/media\/363752"}],"wp:attachment":[{"href":"https:\/\/www.arclite-shop.de\/fr\/wp-json\/wp\/v2\/media?parent=359453"}],"wp:term":[{"taxonomy":"product_brand","embeddable":true,"href":"https:\/\/www.arclite-shop.de\/fr\/wp-json\/wp\/v2\/product_brand?post=359453"},{"taxonomy":"product_cat","embeddable":true,"href":"https:\/\/www.arclite-shop.de\/fr\/wp-json\/wp\/v2\/product_cat?post=359453"},{"taxonomy":"product_tag","embeddable":true,"href":"https:\/\/www.arclite-shop.de\/fr\/wp-json\/wp\/v2\/product_tag?post=359453"}],"curies":[{"name":"wp","href":"https:\/\/api.w.org\/{rel}","templated":true}]}}