{"id":355539,"date":"2024-10-31T18:20:24","date_gmt":"2024-10-31T17:20:24","guid":{"rendered":"https:\/\/www.arclite-shop.de\/produkt\/628-ae82803-01-94\/"},"modified":"2026-03-07T12:15:22","modified_gmt":"2026-03-07T11:15:22","slug":"628-ae82803-01-94","status":"publish","type":"product","link":"https:\/\/www.arclite-shop.de\/fr\/produkt\/628-ae82803-01-94\/","title":{"rendered":"squareCENTURY 183 - Luminaires carr\u00e9s en retrait cardan argent\u00e9  19W 60\u00b0 3500K CRI90 628-AE82803.01.94"},"content":{"rendered":"<p>Kardanische LED Einbauleuchte f\u00fcr gehobene Anspr\u00fcche, im Retail vielseitig einsetzbar. F\u00fcr Allgemein- und Akzentbeleuchtung. Facettierter Reflektor f\u00fcr optimale Lichtverteilung. Schwenkbereich 20\u00b0. Farbtoleranz 3 SDCM. Lichtstromr\u00fcckgang nach 50.000h L80\/B20. Separates, nicht dimmbares Betriebsger\u00e4t. 5 Jahre Garantie. <\/p>\n","protected":false},"excerpt":{"rendered":"<p>Kardanische LED Einbauleuchte f\u00fcr gehobene Anspr\u00fcche, im Retail vielseitig einsetzbar. F\u00fcr Allgemein- und Akzentbeleuchtung. Facettierter Reflektor f\u00fcr optimale Lichtverteilung. Schwenkbereich 20\u00b0. Farbtoleranz 3 SDCM. Lichtstromr\u00fcckgang nach 50.000h L80\/B20. Separates, nicht dimmbares Betriebsger\u00e4t. 5 Jahre Garantie.<\/p>\n","protected":false},"featured_media":363940,"template":"","meta":[],"product_brand":[],"product_cat":[86615],"product_tag":[],"class_list":{"0":"post-355539","1":"product","2":"type-product","3":"status-publish","4":"has-post-thumbnail","6":"product_cat-eckige-einbauleuchten-kardanisch","8":"first","9":"instock","10":"taxable","11":"shipping-taxable","12":"product-type-simple"},"_links":{"self":[{"href":"https:\/\/www.arclite-shop.de\/fr\/wp-json\/wp\/v2\/product\/355539","targetHints":{"allow":["GET"]}}],"collection":[{"href":"https:\/\/www.arclite-shop.de\/fr\/wp-json\/wp\/v2\/product"}],"about":[{"href":"https:\/\/www.arclite-shop.de\/fr\/wp-json\/wp\/v2\/types\/product"}],"wp:featuredmedia":[{"embeddable":true,"href":"https:\/\/www.arclite-shop.de\/fr\/wp-json\/wp\/v2\/media\/363940"}],"wp:attachment":[{"href":"https:\/\/www.arclite-shop.de\/fr\/wp-json\/wp\/v2\/media?parent=355539"}],"wp:term":[{"taxonomy":"product_brand","embeddable":true,"href":"https:\/\/www.arclite-shop.de\/fr\/wp-json\/wp\/v2\/product_brand?post=355539"},{"taxonomy":"product_cat","embeddable":true,"href":"https:\/\/www.arclite-shop.de\/fr\/wp-json\/wp\/v2\/product_cat?post=355539"},{"taxonomy":"product_tag","embeddable":true,"href":"https:\/\/www.arclite-shop.de\/fr\/wp-json\/wp\/v2\/product_tag?post=355539"}],"curies":[{"name":"wp","href":"https:\/\/api.w.org\/{rel}","templated":true}]}}