{"id":355048,"date":"2024-10-31T18:14:43","date_gmt":"2024-10-31T17:14:43","guid":{"rendered":"https:\/\/www.arclite-shop.de\/produkt\/850-996363032\/"},"modified":"2026-04-16T15:52:12","modified_gmt":"2026-04-16T13:52:12","slug":"850-996363032","status":"publish","type":"product","link":"https:\/\/www.arclite-shop.de\/fr\/produkt\/850-996363032\/","title":{"rendered":"EASYLINE 2xSpot r\u00e9flecteur, fixe - Unit\u00e9 luminaire de design pour syst\u00e8me de toiture continue argent\u00e9 14W  30\u00b0 4000K CRI80 850-996363032"},"content":{"rendered":"<p>LED Moduleinsatz mit starren Spots. Gleichm\u00e4\u00dfige Lichtverteilung. Schnelle und unkomplizierte Montage. Farbtoleranz 3 SDCM. Lichtstromr\u00fcckgang nach 50.000h L80\/B10. Integriertes, nicht dimmbares Betriebsger\u00e4t. 5 Jahre Garantie. <\/p>\n","protected":false},"excerpt":{"rendered":"<p>LED Moduleinsatz mit starren Spots. Gleichm\u00e4\u00dfige Lichtverteilung. Schnelle und unkomplizierte Montage. Farbtoleranz 3 SDCM. Lichtstromr\u00fcckgang nach 50.000h L80\/B10. Integriertes, nicht dimmbares Betriebsger\u00e4t. 5 Jahre Garantie.<\/p>\n","protected":false},"featured_media":364010,"template":"","meta":[],"product_brand":[],"product_cat":[86612],"product_tag":[],"class_list":{"0":"post-355048","1":"product","2":"type-product","3":"status-publish","4":"has-post-thumbnail","6":"product_cat-designer-leuchten","8":"first","9":"instock","10":"taxable","11":"shipping-taxable","12":"product-type-simple"},"_links":{"self":[{"href":"https:\/\/www.arclite-shop.de\/fr\/wp-json\/wp\/v2\/product\/355048","targetHints":{"allow":["GET"]}}],"collection":[{"href":"https:\/\/www.arclite-shop.de\/fr\/wp-json\/wp\/v2\/product"}],"about":[{"href":"https:\/\/www.arclite-shop.de\/fr\/wp-json\/wp\/v2\/types\/product"}],"wp:featuredmedia":[{"embeddable":true,"href":"https:\/\/www.arclite-shop.de\/fr\/wp-json\/wp\/v2\/media\/364010"}],"wp:attachment":[{"href":"https:\/\/www.arclite-shop.de\/fr\/wp-json\/wp\/v2\/media?parent=355048"}],"wp:term":[{"taxonomy":"product_brand","embeddable":true,"href":"https:\/\/www.arclite-shop.de\/fr\/wp-json\/wp\/v2\/product_brand?post=355048"},{"taxonomy":"product_cat","embeddable":true,"href":"https:\/\/www.arclite-shop.de\/fr\/wp-json\/wp\/v2\/product_cat?post=355048"},{"taxonomy":"product_tag","embeddable":true,"href":"https:\/\/www.arclite-shop.de\/fr\/wp-json\/wp\/v2\/product_tag?post=355048"}],"curies":[{"name":"wp","href":"https:\/\/api.w.org\/{rel}","templated":true}]}}