{"id":354988,"date":"2024-10-31T18:13:56","date_gmt":"2024-10-31T17:13:56","guid":{"rendered":"https:\/\/www.arclite-shop.de\/produkt\/850-9941301\/"},"modified":"2026-04-16T16:00:25","modified_gmt":"2026-04-16T14:00:25","slug":"850-9941301","status":"publish","type":"product","link":"https:\/\/www.arclite-shop.de\/fr\/produkt\/850-9941301\/","title":{"rendered":"Module de toiture continu EASYLINE - Unit\u00e9 de luminaires de conception pour syst\u00e8me de toitures continues argent\u00e9es  10W 120\u00b0 4000K CRI80 850-9941301"},"content":{"rendered":"<p>LED Modul-Einheit f\u00fcr Easyline Lichtbandsystem in sieben verschiedenen L\u00e4ngen f\u00fcr eine optimale Installation. Geh\u00e4use aus Aluminium. Leichte, werkzeuglose Montage. Lichtstromr\u00fcckgang nach 50.000h L80\/B10. Farbtoleranz 3 SDCM. Integriertes, nicht dimmbares Betriebsger\u00e4t. 5 Jahre Garantie. L=564mm<\/p>\n","protected":false},"excerpt":{"rendered":"<p>LED Modul-Einheit f\u00fcr Easyline Lichtbandsystem in sieben verschiedenen L\u00e4ngen f\u00fcr eine optimale Installation. Geh\u00e4use aus Aluminium. Leichte, werkzeuglose Montage. Lichtstromr\u00fcckgang nach 50.000h L80\/B10. Farbtoleranz 3 SDCM. Integriertes, nicht dimmbares Betriebsger\u00e4t. 5 Jahre Garantie. L=564mm<\/p>\n","protected":false},"featured_media":262042,"template":"","meta":[],"product_brand":[],"product_cat":[86612],"product_tag":[],"class_list":{"0":"post-354988","1":"product","2":"type-product","3":"status-publish","4":"has-post-thumbnail","6":"product_cat-designer-leuchten","8":"first","9":"instock","10":"taxable","11":"shipping-taxable","12":"product-type-simple"},"_links":{"self":[{"href":"https:\/\/www.arclite-shop.de\/fr\/wp-json\/wp\/v2\/product\/354988","targetHints":{"allow":["GET"]}}],"collection":[{"href":"https:\/\/www.arclite-shop.de\/fr\/wp-json\/wp\/v2\/product"}],"about":[{"href":"https:\/\/www.arclite-shop.de\/fr\/wp-json\/wp\/v2\/types\/product"}],"wp:featuredmedia":[{"embeddable":true,"href":"https:\/\/www.arclite-shop.de\/fr\/wp-json\/wp\/v2\/media\/262042"}],"wp:attachment":[{"href":"https:\/\/www.arclite-shop.de\/fr\/wp-json\/wp\/v2\/media?parent=354988"}],"wp:term":[{"taxonomy":"product_brand","embeddable":true,"href":"https:\/\/www.arclite-shop.de\/fr\/wp-json\/wp\/v2\/product_brand?post=354988"},{"taxonomy":"product_cat","embeddable":true,"href":"https:\/\/www.arclite-shop.de\/fr\/wp-json\/wp\/v2\/product_cat?post=354988"},{"taxonomy":"product_tag","embeddable":true,"href":"https:\/\/www.arclite-shop.de\/fr\/wp-json\/wp\/v2\/product_tag?post=354988"}],"curies":[{"name":"wp","href":"https:\/\/api.w.org\/{rel}","templated":true}]}}