{"id":354984,"date":"2024-10-31T18:13:52","date_gmt":"2024-10-31T17:13:52","guid":{"rendered":"https:\/\/www.arclite-shop.de\/produkt\/850-9941214\/"},"modified":"2026-04-16T16:00:56","modified_gmt":"2026-04-16T14:00:56","slug":"850-9941214","status":"publish","type":"product","link":"https:\/\/www.arclite-shop.de\/fr\/produkt\/850-9941214\/","title":{"rendered":"Module de toiture continu EASYLINE - Unit\u00e9 de luminaires de conception pour syst\u00e8me de toitures continues argent\u00e9es  40W 120\u00b0 3000K CRI80 850-9941214"},"content":{"rendered":"<p>LED Modul-Einheit f\u00fcr Easyline Lichtbandsystem in sieben verschiedenen L\u00e4ngen f\u00fcr eine optimale Installation. Geh\u00e4use aus Aluminium. Leichte, werkzeuglose Montage. Lichtstromr\u00fcckgang nach 50.000h L80\/B10. Farbtoleranz 3 SDCM. Integriertes, nicht dimmbares Betriebsger\u00e4t. 5 Jahre Garantie. L=1404mm<\/p>\n","protected":false},"excerpt":{"rendered":"<p>LED Modul-Einheit f\u00fcr Easyline Lichtbandsystem in sieben verschiedenen L\u00e4ngen f\u00fcr eine optimale Installation. Geh\u00e4use aus Aluminium. Leichte, werkzeuglose Montage. Lichtstromr\u00fcckgang nach 50.000h L80\/B10. Farbtoleranz 3 SDCM. Integriertes, nicht dimmbares Betriebsger\u00e4t. 5 Jahre Garantie. L=1404mm<\/p>\n","protected":false},"featured_media":262042,"template":"","meta":[],"product_brand":[],"product_cat":[86612],"product_tag":[],"class_list":{"0":"post-354984","1":"product","2":"type-product","3":"status-publish","4":"has-post-thumbnail","6":"product_cat-designer-leuchten","8":"first","9":"instock","10":"taxable","11":"shipping-taxable","12":"product-type-simple"},"_links":{"self":[{"href":"https:\/\/www.arclite-shop.de\/fr\/wp-json\/wp\/v2\/product\/354984","targetHints":{"allow":["GET"]}}],"collection":[{"href":"https:\/\/www.arclite-shop.de\/fr\/wp-json\/wp\/v2\/product"}],"about":[{"href":"https:\/\/www.arclite-shop.de\/fr\/wp-json\/wp\/v2\/types\/product"}],"wp:featuredmedia":[{"embeddable":true,"href":"https:\/\/www.arclite-shop.de\/fr\/wp-json\/wp\/v2\/media\/262042"}],"wp:attachment":[{"href":"https:\/\/www.arclite-shop.de\/fr\/wp-json\/wp\/v2\/media?parent=354984"}],"wp:term":[{"taxonomy":"product_brand","embeddable":true,"href":"https:\/\/www.arclite-shop.de\/fr\/wp-json\/wp\/v2\/product_brand?post=354984"},{"taxonomy":"product_cat","embeddable":true,"href":"https:\/\/www.arclite-shop.de\/fr\/wp-json\/wp\/v2\/product_cat?post=354984"},{"taxonomy":"product_tag","embeddable":true,"href":"https:\/\/www.arclite-shop.de\/fr\/wp-json\/wp\/v2\/product_tag?post=354984"}],"curies":[{"name":"wp","href":"https:\/\/api.w.org\/{rel}","templated":true}]}}