{"id":354956,"date":"2024-10-31T18:13:30","date_gmt":"2024-10-31T17:13:30","guid":{"rendered":"https:\/\/www.arclite-shop.de\/produkt\/850-820002521\/"},"modified":"2026-04-16T16:05:28","modified_gmt":"2026-04-16T14:05:28","slug":"850-820002521","status":"publish","type":"product","link":"https:\/\/www.arclite-shop.de\/fr\/produkt\/850-820002521\/","title":{"rendered":"MORFI termin\u00e9 - Designer Lighting White  105W 3000K CRI80 850-820002521"},"content":{"rendered":"<p>Moderne LED  Ringleuchte. Aluminiumgeh\u00e4use, pulverbeschichtet, f\u00fcr Aufbau- Pendelmontage. Gleichm\u00e4ssige Ausleuchtung durch opale Abdeckung. Licht verteilung nach au\u00dfen. Lichtstromr\u00fcckgang nach 50.000h L80\/B10. Farbtoleranz 3 SDCM. Rosette, Betriebsger\u00e4t und Aufh\u00e4ngungskit  m\u00fcssen separat bestellt werden. 5 Jahre Garantie. <\/p>\n","protected":false},"excerpt":{"rendered":"<p>Moderne LED Ringleuchte. Aluminiumgeh\u00e4use, pulverbeschichtet, f\u00fcr Aufbau- Pendelmontage. Gleichm\u00e4ssige Ausleuchtung durch opale Abdeckung. Licht verteilung nach au\u00dfen. Lichtstromr\u00fcckgang nach 50.000h L80\/B10. Farbtoleranz 3 SDCM. Rosette, Betriebsger\u00e4t und Aufh\u00e4ngungskit m\u00fcssen separat bestellt werden. 5 Jahre Garantie.<\/p>\n","protected":false},"featured_media":364042,"template":"","meta":[],"product_brand":[],"product_cat":[86612],"product_tag":[],"class_list":{"0":"post-354956","1":"product","2":"type-product","3":"status-publish","4":"has-post-thumbnail","6":"product_cat-designer-leuchten","8":"first","9":"instock","10":"taxable","11":"shipping-taxable","12":"product-type-simple"},"_links":{"self":[{"href":"https:\/\/www.arclite-shop.de\/fr\/wp-json\/wp\/v2\/product\/354956","targetHints":{"allow":["GET"]}}],"collection":[{"href":"https:\/\/www.arclite-shop.de\/fr\/wp-json\/wp\/v2\/product"}],"about":[{"href":"https:\/\/www.arclite-shop.de\/fr\/wp-json\/wp\/v2\/types\/product"}],"wp:featuredmedia":[{"embeddable":true,"href":"https:\/\/www.arclite-shop.de\/fr\/wp-json\/wp\/v2\/media\/364042"}],"wp:attachment":[{"href":"https:\/\/www.arclite-shop.de\/fr\/wp-json\/wp\/v2\/media?parent=354956"}],"wp:term":[{"taxonomy":"product_brand","embeddable":true,"href":"https:\/\/www.arclite-shop.de\/fr\/wp-json\/wp\/v2\/product_brand?post=354956"},{"taxonomy":"product_cat","embeddable":true,"href":"https:\/\/www.arclite-shop.de\/fr\/wp-json\/wp\/v2\/product_cat?post=354956"},{"taxonomy":"product_tag","embeddable":true,"href":"https:\/\/www.arclite-shop.de\/fr\/wp-json\/wp\/v2\/product_tag?post=354956"}],"curies":[{"name":"wp","href":"https:\/\/api.w.org\/{rel}","templated":true}]}}