{"id":354924,"date":"2024-10-31T18:13:04","date_gmt":"2024-10-31T17:13:04","guid":{"rendered":"https:\/\/www.arclite-shop.de\/produkt\/850-82460832\/"},"modified":"2026-04-16T16:10:36","modified_gmt":"2026-04-16T14:10:36","slug":"850-82460832","status":"publish","type":"product","link":"https:\/\/www.arclite-shop.de\/fr\/produkt\/850-82460832\/","title":{"rendered":"CYCLONE slim double way - Lampes design argent\u00e9es  157W 4000K CRI80 850-82460832"},"content":{"rendered":"<p>Aluminiumgeh\u00e4use, pulverbeschichtet, f\u00fcr Pendelmontage. Hocheffizienter satinierter Diffusor. Direkt und indirekt getrennt steuerbar ( Netzanschluss 5&#215;0,5mm2). Lichtstromr\u00fcckgang nach 50.000h L80\/B10. Integriertes, nicht dimmbares Betriebsger\u00e4t. Seilaufh\u00e4ngungen und Deckenbaldachine sind nicht im Lieferumfang enthalten. Auf Anfrage AD 2000mm, 3000mm, 4000mm und 5000mm . 5 Jahre Garantie. Leistung 99W direkt  58W indirekt<\/p>\n","protected":false},"excerpt":{"rendered":"<p>Aluminiumgeh\u00e4use, pulverbeschichtet, f\u00fcr Pendelmontage. Hocheffizienter satinierter Diffusor. Direkt und indirekt getrennt steuerbar ( Netzanschluss 5&#215;0,5mm2). Lichtstromr\u00fcckgang nach 50.000h L80\/B10. Integriertes, nicht dimmbares Betriebsger\u00e4t. Seilaufh\u00e4ngungen und Deckenbaldachine sind nicht im Lieferumfang enthalten. Auf Anfrage AD 2000mm, 3000mm, 4000mm und 5000mm .<span class=\"excerpt-hellip\"> [\u2026]<\/span><\/p>\n","protected":false},"featured_media":364062,"template":"","meta":[],"product_brand":[],"product_cat":[86612],"product_tag":[],"class_list":{"0":"post-354924","1":"product","2":"type-product","3":"status-publish","4":"has-post-thumbnail","6":"product_cat-designer-leuchten","8":"first","9":"instock","10":"taxable","11":"shipping-taxable","12":"product-type-simple"},"_links":{"self":[{"href":"https:\/\/www.arclite-shop.de\/fr\/wp-json\/wp\/v2\/product\/354924","targetHints":{"allow":["GET"]}}],"collection":[{"href":"https:\/\/www.arclite-shop.de\/fr\/wp-json\/wp\/v2\/product"}],"about":[{"href":"https:\/\/www.arclite-shop.de\/fr\/wp-json\/wp\/v2\/types\/product"}],"wp:featuredmedia":[{"embeddable":true,"href":"https:\/\/www.arclite-shop.de\/fr\/wp-json\/wp\/v2\/media\/364062"}],"wp:attachment":[{"href":"https:\/\/www.arclite-shop.de\/fr\/wp-json\/wp\/v2\/media?parent=354924"}],"wp:term":[{"taxonomy":"product_brand","embeddable":true,"href":"https:\/\/www.arclite-shop.de\/fr\/wp-json\/wp\/v2\/product_brand?post=354924"},{"taxonomy":"product_cat","embeddable":true,"href":"https:\/\/www.arclite-shop.de\/fr\/wp-json\/wp\/v2\/product_cat?post=354924"},{"taxonomy":"product_tag","embeddable":true,"href":"https:\/\/www.arclite-shop.de\/fr\/wp-json\/wp\/v2\/product_tag?post=354924"}],"curies":[{"name":"wp","href":"https:\/\/api.w.org\/{rel}","templated":true}]}}