{"id":354836,"date":"2024-10-31T18:11:55","date_gmt":"2024-10-31T17:11:55","guid":{"rendered":"https:\/\/www.arclite-shop.de\/produkt\/850-807393\/"},"modified":"2026-04-16T16:22:17","modified_gmt":"2026-04-16T14:22:17","slug":"850-807393","status":"publish","type":"product","link":"https:\/\/www.arclite-shop.de\/fr\/produkt\/850-807393\/","title":{"rendered":"URANIA 400 - \u00c9clairage designer noir 100\u00b0 850-807393"},"content":{"rendered":"<p>Elegante Pendelleuchte f\u00fcr Restaurants, Lobbys, Bars, Caf\u00e9s, Essbereiche.. Ausf\u00fchrung mit Fassung E27. Geh\u00e4use aus Aluminium. Standardausf\u00fchrung: innen wei\u00df. Aluminiumgeh\u00e4use, pulverbeschichtet, f\u00fcr Aufbau- Pendelmontage. Sonderfarben f\u00fcr innen und au\u00dfen auf Anfrage. Anschlusskabel mit Baldachin separat bestellen. Deckenbaldachin in Sonderfarben auf Anfrage. 5 Jahre Garantie. <\/p>\n","protected":false},"excerpt":{"rendered":"<p>Elegante Pendelleuchte f\u00fcr Restaurants, Lobbys, Bars, Caf\u00e9s, Essbereiche.. Ausf\u00fchrung mit Fassung E27. Geh\u00e4use aus Aluminium. Standardausf\u00fchrung: innen wei\u00df. Aluminiumgeh\u00e4use, pulverbeschichtet, f\u00fcr Aufbau- Pendelmontage. Sonderfarben f\u00fcr innen und au\u00dfen auf Anfrage. Anschlusskabel mit Baldachin separat bestellen. Deckenbaldachin in Sonderfarben auf Anfrage.<span class=\"excerpt-hellip\"> [\u2026]<\/span><\/p>\n","protected":false},"featured_media":364144,"template":"","meta":[],"product_brand":[],"product_cat":[86612],"product_tag":[],"class_list":{"0":"post-354836","1":"product","2":"type-product","3":"status-publish","4":"has-post-thumbnail","6":"product_cat-designer-leuchten","8":"first","9":"instock","10":"taxable","11":"shipping-taxable","12":"product-type-simple"},"_links":{"self":[{"href":"https:\/\/www.arclite-shop.de\/fr\/wp-json\/wp\/v2\/product\/354836","targetHints":{"allow":["GET"]}}],"collection":[{"href":"https:\/\/www.arclite-shop.de\/fr\/wp-json\/wp\/v2\/product"}],"about":[{"href":"https:\/\/www.arclite-shop.de\/fr\/wp-json\/wp\/v2\/types\/product"}],"wp:featuredmedia":[{"embeddable":true,"href":"https:\/\/www.arclite-shop.de\/fr\/wp-json\/wp\/v2\/media\/364144"}],"wp:attachment":[{"href":"https:\/\/www.arclite-shop.de\/fr\/wp-json\/wp\/v2\/media?parent=354836"}],"wp:term":[{"taxonomy":"product_brand","embeddable":true,"href":"https:\/\/www.arclite-shop.de\/fr\/wp-json\/wp\/v2\/product_brand?post=354836"},{"taxonomy":"product_cat","embeddable":true,"href":"https:\/\/www.arclite-shop.de\/fr\/wp-json\/wp\/v2\/product_cat?post=354836"},{"taxonomy":"product_tag","embeddable":true,"href":"https:\/\/www.arclite-shop.de\/fr\/wp-json\/wp\/v2\/product_tag?post=354836"}],"curies":[{"name":"wp","href":"https:\/\/api.w.org\/{rel}","templated":true}]}}