{"id":354756,"date":"2024-10-31T18:10:51","date_gmt":"2024-10-31T17:10:51","guid":{"rendered":"https:\/\/www.arclite-shop.de\/produkt\/850-888283031\/"},"modified":"2026-04-16T16:32:32","modified_gmt":"2026-04-16T14:32:32","slug":"850-888283031","status":"publish","type":"product","link":"https:\/\/www.arclite-shop.de\/fr\/produkt\/850-888283031\/","title":{"rendered":"ROULEAU 6 LED 8W - PENDENTIF - Lumi\u00e8res design blanches 8W  W 54\u00b0 4000K CRI80 850-888283031"},"content":{"rendered":"<p>Elegante LED-Pendelleuchte f\u00fcr Restaurants, Lobbys, Bars, Caf\u00e9s, Essbereiche. Inklusive Baldachin und Anschlusskabel. Standardausf\u00fchrung einfarbig. Gleichm\u00e4\u00dfige Ausleuchtung durch Linse, Reflektor oder Diffusor. Geh\u00e4use aus Aluminium. Farbtoleranz 3 SDCM. Lichtstromr\u00fcckgang nach 50.000h L80\/B10. 5 Jahre Garantie. Integriertes, nicht dimmbares Betriebsger\u00e4t. Weitere Produktkonfigurationen auf Anfrage. <\/p>\n","protected":false},"excerpt":{"rendered":"<p>Elegante LED-Pendelleuchte f\u00fcr Restaurants, Lobbys, Bars, Caf\u00e9s, Essbereiche. Inklusive Baldachin und Anschlusskabel. Standardausf\u00fchrung einfarbig. Gleichm\u00e4\u00dfige Ausleuchtung durch Linse, Reflektor oder Diffusor. Geh\u00e4use aus Aluminium. Farbtoleranz 3 SDCM. Lichtstromr\u00fcckgang nach 50.000h L80\/B10. 5 Jahre Garantie. Integriertes, nicht dimmbares Betriebsger\u00e4t. Weitere Produktkonfigurationen<span class=\"excerpt-hellip\"> [\u2026]<\/span><\/p>\n","protected":false},"featured_media":262113,"template":"","meta":[],"product_brand":[],"product_cat":[86612],"product_tag":[],"class_list":{"0":"post-354756","1":"product","2":"type-product","3":"status-publish","4":"has-post-thumbnail","6":"product_cat-designer-leuchten","8":"first","9":"instock","10":"taxable","11":"shipping-taxable","12":"product-type-simple"},"_links":{"self":[{"href":"https:\/\/www.arclite-shop.de\/fr\/wp-json\/wp\/v2\/product\/354756","targetHints":{"allow":["GET"]}}],"collection":[{"href":"https:\/\/www.arclite-shop.de\/fr\/wp-json\/wp\/v2\/product"}],"about":[{"href":"https:\/\/www.arclite-shop.de\/fr\/wp-json\/wp\/v2\/types\/product"}],"wp:featuredmedia":[{"embeddable":true,"href":"https:\/\/www.arclite-shop.de\/fr\/wp-json\/wp\/v2\/media\/262113"}],"wp:attachment":[{"href":"https:\/\/www.arclite-shop.de\/fr\/wp-json\/wp\/v2\/media?parent=354756"}],"wp:term":[{"taxonomy":"product_brand","embeddable":true,"href":"https:\/\/www.arclite-shop.de\/fr\/wp-json\/wp\/v2\/product_brand?post=354756"},{"taxonomy":"product_cat","embeddable":true,"href":"https:\/\/www.arclite-shop.de\/fr\/wp-json\/wp\/v2\/product_cat?post=354756"},{"taxonomy":"product_tag","embeddable":true,"href":"https:\/\/www.arclite-shop.de\/fr\/wp-json\/wp\/v2\/product_tag?post=354756"}],"curies":[{"name":"wp","href":"https:\/\/api.w.org\/{rel}","templated":true}]}}